{"id":247,"date":"2019-08-07T20:11:18","date_gmt":"2019-08-07T20:11:18","guid":{"rendered":"http:\/\/katlove.org\/?page_id=247"},"modified":"2025-08-27T18:04:56","modified_gmt":"2025-08-27T18:04:56","slug":"contact","status":"publish","type":"page","link":"https:\/\/www.katshakti.com\/en\/contact\/","title":{"rendered":"Kontakt"},"content":{"rendered":"<div data-elementor-type=\"wp-page\" data-elementor-id=\"247\" class=\"elementor elementor-247\">\n\t\t\t\t\t\t<section class=\"elementor-section elementor-top-section elementor-element elementor-element-97a2bc2 elementor-section-boxed elementor-section-height-default elementor-section-height-default\" data-id=\"97a2bc2\" data-element_type=\"section\" data-e-type=\"section\" data-settings=\"{&quot;background_background&quot;:&quot;classic&quot;,&quot;shape_divider_bottom&quot;:&quot;waves&quot;}\">\n\t\t\t\t\t<div class=\"elementor-shape elementor-shape-bottom\" aria-hidden=\"true\" data-negative=\"false\">\n\t\t\t<svg xmlns=\"http:\/\/www.w3.org\/2000\/svg\" viewbox=\"0 0 1000 100\" preserveaspectratio=\"none\">\n\t<path class=\"elementor-shape-fill\" d=\"M421.9,6.5c22.6-2.5,51.5,0.4,75.5,5.3c23.6,4.9,70.9,23.5,100.5,35.7c75.8,32.2,133.7,44.5,192.6,49.7\tc23.6,2.1,48.7,3.5,103.4-2.5c54.7-6,106.2-25.6,106.2-25.6V0H0v30.3c0,0,72,32.6,158.4,30.5c39.2-0.7,92.8-6.7,134-22.4\tc21.2-8.1,52.2-18.2,79.7-24.2C399.3,7.9,411.6,7.5,421.9,6.5z\"\/>\n<\/svg>\t\t<\/div>\n\t\t\t\t\t<div class=\"elementor-container elementor-column-gap-default\">\n\t\t\t\t\t<div class=\"elementor-column elementor-col-100 elementor-top-column elementor-element elementor-element-47254458\" data-id=\"47254458\" data-element_type=\"column\" data-e-type=\"column\">\n\t\t\t<div class=\"elementor-widget-wrap elementor-element-populated\">\n\t\t\t\t\t\t<div class=\"elementor-element elementor-element-64b6fbee elementor-widget elementor-widget-witr_banner_slider\" data-id=\"64b6fbee\" data-element_type=\"widget\" data-e-type=\"widget\" data-widget_type=\"witr_banner_slider.default\">\n\t\t\t\t<div class=\"elementor-widget-container\">\n\t\t\t\t\t\n\t\t<div class=\"witr_banner_area witr_banner_height\">\n\t\t\n\t\t\t<div class=\"witr_banner_content text-center\">\n\t\t\t\t<!-- title 1 -->\n\t\t\t\t\t\t\t\t<!-- title 2 -->\n\t\t\t\t\t\t\t\t<!-- title 3 -->\n\t\t\t\t\t\t\t\t<!-- pragraph -->\n\t\t\t\t\t\t\t\t<!-- button -->\n\t\t\t\t\t\t\t\t\n\t\t\t\t<!-- video button -->\n\t\t\t\t\t\t\t\t\n\t\t\t\t\n\t\t\t\t\t\n\n\t\t\t\t\n\t\t\t\t<!-- social -->\n\t\t\t\t<ul class=\"witr_ico2\">\n\t\t\t\t\t\t\t\t\t\t\t\t\t\t\t\t\t\t\t\t\t\t\t\t\t\t\t\t\t\t\t\t\t\t\t\t\t\t\t\t\t\t\t\t\t\t\t\t\t\t\t\t\t\t<\/ul>\t\t\t\t\n\t\t\t<\/div> <!-- banner content -->\t\t\t\n\t\t<\/div>\n\t\t\n\t\t\n\t\t\t\t\t\t<\/div>\n\t\t\t\t<\/div>\n\t\t\t\t\t<\/div>\n\t\t<\/div>\n\t\t\t\t\t<\/div>\n\t\t<\/section>\n\t\t\t\t<section class=\"elementor-section elementor-top-section elementor-element elementor-element-dacdd00 elementor-section-boxed elementor-section-height-default elementor-section-height-default\" data-id=\"dacdd00\" data-element_type=\"section\" data-e-type=\"section\" data-settings=\"{&quot;background_background&quot;:&quot;classic&quot;}\">\n\t\t\t\t\t\t<div class=\"elementor-container elementor-column-gap-default\">\n\t\t\t\t\t<div class=\"elementor-column elementor-col-100 elementor-top-column elementor-element elementor-element-6a617b7\" data-id=\"6a617b7\" data-element_type=\"column\" data-e-type=\"column\">\n\t\t\t<div class=\"elementor-widget-wrap elementor-element-populated\">\n\t\t\t\t\t\t<section class=\"elementor-section elementor-inner-section elementor-element elementor-element-babb74c elementor-section-boxed elementor-section-height-default elementor-section-height-default\" data-id=\"babb74c\" data-element_type=\"section\" data-e-type=\"section\">\n\t\t\t\t\t\t<div class=\"elementor-container elementor-column-gap-default\">\n\t\t\t\t\t<div class=\"elementor-column elementor-col-100 elementor-inner-column elementor-element elementor-element-94ca94d\" data-id=\"94ca94d\" data-element_type=\"column\" data-e-type=\"column\">\n\t\t\t<div class=\"elementor-widget-wrap elementor-element-populated\">\n\t\t\t\t\t\t<div class=\"elementor-element elementor-element-fae5bf3 elementor-widget elementor-widget-heading\" data-id=\"fae5bf3\" data-element_type=\"widget\" data-e-type=\"widget\" data-widget_type=\"heading.default\">\n\t\t\t\t<div class=\"elementor-widget-container\">\n\t\t\t\t\t<h2 class=\"elementor-heading-title elementor-size-default\">Kontakt<\/h2>\t\t\t\t<\/div>\n\t\t\t\t<\/div>\n\t\t\t\t<div class=\"elementor-element elementor-element-cada241 elementor-widget elementor-widget-text-editor\" data-id=\"cada241\" data-element_type=\"widget\" data-e-type=\"widget\" data-widget_type=\"text-editor.default\">\n\t\t\t\t<div class=\"elementor-widget-container\">\n\t\t\t\t\t\t\t\t\t<p><strong>WhatsApp: + 44 7522318664<br \/><br \/>Email: iamkatshakti@gmail.com<\/strong><\/p>\n<p><!-- \/wp:paragraph --><!-- wp:paragraph --><\/p>\n<p><!-- \/wp:paragraph --><\/p>\t\t\t\t\t\t\t\t<\/div>\n\t\t\t\t<\/div>\n\t\t\t\t<div class=\"elementor-element elementor-element-2ef2e8b elementor-widget elementor-widget-text-editor\" data-id=\"2ef2e8b\" data-element_type=\"widget\" data-e-type=\"widget\" data-widget_type=\"text-editor.default\">\n\t\t\t\t<div class=\"elementor-widget-container\">\n\t\t\t\t\t\t\t\t\t<p data-start=\"97\" data-end=\"291\"><strong data-start=\"97\" data-end=\"289\">Gratuluj\u0119 Ci, \u017ce bierzesz odpowiedzialno\u015b\u0107 za swoje samopoczucie i stawiasz na w\u0142asne zdrowie i dobrostan. To odwa\u017cny krok w stron\u0119 zmian &#8211; z niecierpliwo\u015bci\u0105 czekam na wiadomo\u015b\u0107 od Ciebie.<\/strong><\/p>\n<p data-start=\"293\" data-end=\"408\"><em data-start=\"293\" data-end=\"406\">Je\u015bli masz pytania dotycz\u0105ce wsp\u00f3\u0142pracy ze mn\u0105, mo\u017cesz r\u00f3wnie\u017c skorzysta\u0107 z formularza na dole i um\u00f3wi\u0107 si\u0119 na bezp\u0142atn\u0105 20-minutow\u0105 konsultacj\u0119.<\/em><\/p>\t\t\t\t\t\t\t\t<\/div>\n\t\t\t\t<\/div>\n\t\t\t\t<div class=\"elementor-element elementor-element-362897e elementor-widget elementor-widget-heading\" data-id=\"362897e\" data-element_type=\"widget\" data-e-type=\"widget\" data-widget_type=\"heading.default\">\n\t\t\t\t<div class=\"elementor-widget-container\">\n\t\t\t\t\t<h2 class=\"elementor-heading-title elementor-size-default\">Payments<\/h2>\t\t\t\t<\/div>\n\t\t\t\t<\/div>\n\t\t\t\t<div class=\"elementor-element elementor-element-9dff18d elementor-widget elementor-widget-image\" data-id=\"9dff18d\" data-element_type=\"widget\" data-e-type=\"widget\" data-widget_type=\"image.default\">\n\t\t\t\t<div class=\"elementor-widget-container\">\n\t\t\t\t\t\t\t\t\t\t\t\t\t\t\t<img fetchpriority=\"high\" decoding=\"async\" width=\"544\" height=\"160\" src=\"https:\/\/i0.wp.com\/www.katshakti.com\/wp-content\/uploads\/2022\/02\/874041.png?fit=544%2C160&amp;ssl=1\" class=\"attachment-full size-full wp-image-12531\" alt=\"\" \/>\t\t\t\t\t\t\t\t\t\t\t\t\t\t\t<\/div>\n\t\t\t\t<\/div>\n\t\t\t\t\t<\/div>\n\t\t<\/div>\n\t\t\t\t\t<\/div>\n\t\t<\/section>\n\t\t\t\t<div class=\"elementor-element elementor-element-8ae9fae elementor-widget elementor-widget-html\" data-id=\"8ae9fae\" data-element_type=\"widget\" data-e-type=\"widget\" data-widget_type=\"html.default\">\n\t\t\t\t<div class=\"elementor-widget-container\">\n\t\t\t\t\t<!-- Calendly inline widget begin -->\n<div class=\"calendly-inline-widget\" data-url=\"https:\/\/calendly.com\/katshakti\/free-consulation\" style=\"min-width:320px;height:700px;\"><\/div>\n<script type=\"text\/javascript\" src=\"https:\/\/assets.calendly.com\/assets\/external\/widget.js\" async><\/script>\n<!-- Calendly inline widget end -->\t\t\t\t<\/div>\n\t\t\t\t<\/div>\n\t\t\t\t\t<\/div>\n\t\t<\/div>\n\t\t\t\t\t<\/div>\n\t\t<\/section>\n\t\t\t\t<\/div>","protected":false},"excerpt":{"rendered":"<p>Kontakt WhatsApp: + 44 7522318664 Email: iamkatshakti@gmail.com Gratuluj\u0119 Ci, \u017ce bierzesz odpowiedzialno\u015b\u0107 za swoje samopoczucie i stawiasz na w\u0142asne zdrowie i dobrostan. To odwa\u017cny krok w stron\u0119 zmian &#8211; z niecierpliwo\u015bci\u0105 czekam na wiadomo\u015b\u0107 od Ciebie. Je\u015bli masz pytania dotycz\u0105ce wsp\u00f3\u0142pracy ze mn\u0105, mo\u017cesz r\u00f3wnie\u017c skorzysta\u0107 z formularza na dole i um\u00f3wi\u0107 si\u0119 na bezp\u0142atn\u0105 [&hellip;]<\/p>\n","protected":false},"author":2,"featured_media":0,"parent":0,"menu_order":0,"comment_status":"closed","ping_status":"closed","template":"template-home.php","meta":{"_monsterinsights_skip_tracking":false,"_monsterinsights_sitenote_active":false,"_monsterinsights_sitenote_note":"","_monsterinsights_sitenote_category":0,"footnotes":""},"class_list":["post-247","page","type-page","status-publish","hentry"],"jetpack_sharing_enabled":true,"_links":{"self":[{"href":"https:\/\/www.katshakti.com\/en\/wp-json\/wp\/v2\/pages\/247","targetHints":{"allow":["GET"]}}],"collection":[{"href":"https:\/\/www.katshakti.com\/en\/wp-json\/wp\/v2\/pages"}],"about":[{"href":"https:\/\/www.katshakti.com\/en\/wp-json\/wp\/v2\/types\/page"}],"author":[{"embeddable":true,"href":"https:\/\/www.katshakti.com\/en\/wp-json\/wp\/v2\/users\/2"}],"replies":[{"embeddable":true,"href":"https:\/\/www.katshakti.com\/en\/wp-json\/wp\/v2\/comments?post=247"}],"version-history":[{"count":85,"href":"https:\/\/www.katshakti.com\/en\/wp-json\/wp\/v2\/pages\/247\/revisions"}],"predecessor-version":[{"id":13707,"href":"https:\/\/www.katshakti.com\/en\/wp-json\/wp\/v2\/pages\/247\/revisions\/13707"}],"wp:attachment":[{"href":"https:\/\/www.katshakti.com\/en\/wp-json\/wp\/v2\/media?parent=247"}],"curies":[{"name":"wp","href":"https:\/\/api.w.org\/{rel}","templated":true}]}}