{"id":3,"date":"2019-06-25T17:20:59","date_gmt":"2019-06-25T17:20:59","guid":{"rendered":"http:\/?page_id=3"},"modified":"2022-06-21T20:54:54","modified_gmt":"2022-06-21T20:54:54","slug":"privacy-policy","status":"publish","type":"page","link":"https:\/\/www.katshakti.com\/en\/privacy-policy\/","title":{"rendered":"privacy policy"},"content":{"rendered":"<div data-elementor-type=\"wp-page\" data-elementor-id=\"3\" class=\"elementor elementor-3\">\n\t\t\t\t\t\t<section class=\"elementor-section elementor-top-section elementor-element elementor-element-6f11b3da elementor-section-boxed elementor-section-height-default elementor-section-height-default\" data-id=\"6f11b3da\" data-element_type=\"section\" data-e-type=\"section\" data-settings=\"{&quot;background_background&quot;:&quot;classic&quot;,&quot;shape_divider_bottom&quot;:&quot;waves&quot;}\">\n\t\t\t\t\t<div class=\"elementor-shape elementor-shape-bottom\" aria-hidden=\"true\" data-negative=\"false\">\n\t\t\t<svg xmlns=\"http:\/\/www.w3.org\/2000\/svg\" viewbox=\"0 0 1000 100\" preserveaspectratio=\"none\">\n\t<path class=\"elementor-shape-fill\" d=\"M421.9,6.5c22.6-2.5,51.5,0.4,75.5,5.3c23.6,4.9,70.9,23.5,100.5,35.7c75.8,32.2,133.7,44.5,192.6,49.7\tc23.6,2.1,48.7,3.5,103.4-2.5c54.7-6,106.2-25.6,106.2-25.6V0H0v30.3c0,0,72,32.6,158.4,30.5c39.2-0.7,92.8-6.7,134-22.4\tc21.2-8.1,52.2-18.2,79.7-24.2C399.3,7.9,411.6,7.5,421.9,6.5z\"\/>\n<\/svg>\t\t<\/div>\n\t\t\t\t\t<div class=\"elementor-container elementor-column-gap-default\">\n\t\t\t\t\t<div class=\"elementor-column elementor-col-100 elementor-top-column elementor-element elementor-element-ad70de3\" data-id=\"ad70de3\" data-element_type=\"column\" data-e-type=\"column\">\n\t\t\t<div class=\"elementor-widget-wrap elementor-element-populated\">\n\t\t\t\t\t\t<div class=\"elementor-element elementor-element-4c9cab4c elementor-widget elementor-widget-witr_banner_slider\" data-id=\"4c9cab4c\" data-element_type=\"widget\" data-e-type=\"widget\" data-widget_type=\"witr_banner_slider.default\">\n\t\t\t\t<div class=\"elementor-widget-container\">\n\t\t\t\t\t\n\t\t<div class=\"witr_banner_area witr_banner_height\">\n\t\t\n\t\t\t<div class=\"witr_banner_content text-center\">\n\t\t\t\t<!-- title 1 -->\n\t\t\t\t\t\t\t\t<!-- title 2 -->\n\t\t\t\t\t\t\t\t<!-- title 3 -->\n\t\t\t\t\t\t\t\t<!-- pragraph -->\n\t\t\t\t\t\t\t\t<!-- button -->\n\t\t\t\t\t\t\t\t\n\t\t\t\t<!-- video button -->\n\t\t\t\t\t\t\t\t\n\t\t\t\t\n\t\t\t\t\t\n\n\t\t\t\t\n\t\t\t\t<!-- social -->\n\t\t\t\t<ul class=\"witr_ico2\">\n\t\t\t\t\t\t\t\t\t\t\t\t\t\t\t\t\t\t\t\t\t\t\t\t\t\t\t\t\t\t\t\t\t\t\t\t\t\t\t\t\t\t\t\t\t\t\t\t\t\t\t\t\t\t<\/ul>\t\t\t\t\n\t\t\t<\/div> <!-- banner content -->\t\t\t\n\t\t<\/div>\n\t\t\n\t\t\n\t\t\t\t\t\t<\/div>\n\t\t\t\t<\/div>\n\t\t\t\t\t<\/div>\n\t\t<\/div>\n\t\t\t\t\t<\/div>\n\t\t<\/section>\n\t\t\t\t<section class=\"elementor-section elementor-top-section elementor-element elementor-element-67527488 elementor-section-boxed elementor-section-height-default elementor-section-height-default\" data-id=\"67527488\" data-element_type=\"section\" data-e-type=\"section\" data-settings=\"{&quot;background_background&quot;:&quot;classic&quot;}\">\n\t\t\t\t\t\t<div class=\"elementor-container elementor-column-gap-default\">\n\t\t\t\t\t<div class=\"elementor-column elementor-col-100 elementor-top-column elementor-element elementor-element-60edfdce\" data-id=\"60edfdce\" data-element_type=\"column\" data-e-type=\"column\" data-settings=\"{&quot;background_background&quot;:&quot;classic&quot;}\">\n\t\t\t<div class=\"elementor-widget-wrap elementor-element-populated\">\n\t\t\t\t\t\t<div class=\"elementor-element elementor-element-5fc16d6 elementor-widget elementor-widget-heading\" data-id=\"5fc16d6\" data-element_type=\"widget\" data-e-type=\"widget\" data-widget_type=\"heading.default\">\n\t\t\t\t<div class=\"elementor-widget-container\">\n\t\t\t\t\t<h2 class=\"elementor-heading-title elementor-size-default\">privacy policy<\/h2>\t\t\t\t<\/div>\n\t\t\t\t<\/div>\n\t\t\t\t<div class=\"elementor-element elementor-element-4a9c4295 elementor-widget elementor-widget-text-editor\" data-id=\"4a9c4295\" data-element_type=\"widget\" data-e-type=\"widget\" data-widget_type=\"text-editor.default\">\n\t\t\t\t<div class=\"elementor-widget-container\">\n\t\t\t\t\t\t\t\t\t<p><strong>General provisions<\/strong><br \/><br \/>This privacy policy of the Kat Shakti website is for informational purposes, which means that it does not constitute any obligation for customers of the Kat Shakti website. The privacy policy only contains the rules regarding the processing of personal data by the Kat Shakti website administrator, including the basis, purposes and scope of personal data processing and the rights of data subjects, as well as information on the use of cookies and analytical tools within the platform.<br \/><br \/>All words, expressions and acronyms appearing in this privacy policy and beginning with a capital letter should be understood in accordance with their definition contained in the regulations of the Kat Shakti website.<\/p><p>The administrator of personal data collected via the sales platform is Kat Shakti, whom the customer can contact at: <a href=\"mailto:rodo@katshakti.com\">rodo@katshakti.com<\/a> &#8211; zwanej dalej &#8220;administrator&#8221;.<br \/><br \/>Personal data from the form on the Kat Shakti website are processed by the administrator in accordance with applicable law, in particular in accordance with Regulation (EU) 2016\/679 of the European Parliament and of the Council of 27 April 2016 on the protection of natural persons with regard to data processing personal data and on the free movement of such data and repealing Directive 95\/46\/EC (General Data Protection Regulation).<br \/><br \/>Taking into account the nature, scope, context and purposes of processing as well as the risk of varying likelihood and severity of violation of the rights and freedoms of natural persons, the controller has implemented appropriate technical and organizational measures to ensure that processing is carried out in accordance with the law and to be able to demonstrate this. These measures are reviewed and updated on an ongoing basis. The Administrator uses technical measures to prevent unauthorized persons from obtaining and modifying personal data sent electronically.<\/p><p>Providing personal data by the user is voluntary, but necessary to carry out the processes specified in the regulations of the Kat Shakti website.<br \/><br \/>The customer has the right to access and rectify his data at any time, as well as to delete it, limit processing, transfer data and withdraw consent at any time without affecting the lawfulness of processing.<br \/><br \/>The administrator is entitled to process personal data in cases where - and to the extent that - at least one of the following conditions is met:<\/p><ol><li>the data subject has consented to the processing of his or her personal data for one or more specific purposes;<\/li><li>processing is necessary for the performance of a contract to which the data subject is party or to take action at the request of the data subject before concluding the contract;<\/li><li>processing is necessary to fulfill the legal obligation imposed on the Administrator;<\/li><li>processing is necessary for the purposes of the legitimate interests pursued by the Administrator or by a third party, except for situations where these interests are overridden by the interests or fundamental rights and freedoms of the data subject, requiring protection of personal data, in particular when the data subject is a minor.<\/li><\/ol><p><br \/><strong>Profiling<\/strong><br \/><br \/>The administrator may use profiling for direct marketing purposes, but decisions made on its basis by the administrator do not concern the conclusion or refusal to conclude a sales contract or the possibility of using electronic services in the online store. The effect of using profiling in an online store may be, for example, a reminder about unfinished purchases, indicating a product suggestion that may correspond to the interests or preferences of a given person. Despite profiling, a given person freely decides whether he or she wants to use the product offer received.<\/p><p><br \/><strong>Analytical tools<\/strong><\/p><p>The Administrator may use the services of external entities providing IT analytical tools. The data collected is processed as part of the above services in an anonymized manner (these are so-called operational data that make it impossible to identify a person) to generate statistics helpful in administering the online store. This data is aggregated and anonymous, i.e. it does not contain identifying features (personal data) of people visiting the website.<br \/><br \/><strong>Cookies<\/strong><br \/><br \/>The administrator may process data contained in cookies when visitors use the online store website for the following purposes:<\/p><ol><li>Identification of service recipients as logged in to the online store and showing that they are logged in;<\/li><li>Remembering products added to the cart in order to place an order;<\/li><li>Remembering data from completed order forms, surveys or login details to the online store;<\/li><li>Maintaining anonymous statistics showing how the online store website is used;<\/li><\/ol><p>Detailed information on changing cookie settings and deleting them yourself in the most popular web browsers is available in the web browser&#039;s help section.<\/p>\t\t\t\t\t\t\t\t<\/div>\n\t\t\t\t<\/div>\n\t\t\t\t\t<\/div>\n\t\t<\/div>\n\t\t\t\t\t<\/div>\n\t\t<\/section>\n\t\t\t\t<\/div>","protected":false},"excerpt":{"rendered":"<p>Polityka prywatno\u015bci Postanowienia og\u00f3lne Niniejsza polityka prywatno\u015bci strony Kat Shakti ma charakter informacyjny, co oznacza \u017ce nie jest ona \u017ar\u00f3d\u0142em obowi\u0105zk\u00f3w dla klient\u00f3w strony Kat Shakti. Polityka prywatno\u015bci zawiera jedynie zasady dotycz\u0105ce przetwarzania danych osobowych przez administratora strony Kat Shakti, w tym podstawy, cele i zakres przetwarzania danych osobowych oraz prawa os\u00f3b, kt\u00f3rych dane dotycz\u0105, [&hellip;]<\/p>\n","protected":false},"author":2,"featured_media":0,"parent":0,"menu_order":0,"comment_status":"closed","ping_status":"closed","template":"template-home.php","meta":{"_monsterinsights_skip_tracking":false,"_monsterinsights_sitenote_active":false,"_monsterinsights_sitenote_note":"","_monsterinsights_sitenote_category":0,"footnotes":""},"class_list":["post-3","page","type-page","status-publish","hentry"],"jetpack_sharing_enabled":true,"_links":{"self":[{"href":"https:\/\/www.katshakti.com\/en\/wp-json\/wp\/v2\/pages\/3","targetHints":{"allow":["GET"]}}],"collection":[{"href":"https:\/\/www.katshakti.com\/en\/wp-json\/wp\/v2\/pages"}],"about":[{"href":"https:\/\/www.katshakti.com\/en\/wp-json\/wp\/v2\/types\/page"}],"author":[{"embeddable":true,"href":"https:\/\/www.katshakti.com\/en\/wp-json\/wp\/v2\/users\/2"}],"replies":[{"embeddable":true,"href":"https:\/\/www.katshakti.com\/en\/wp-json\/wp\/v2\/comments?post=3"}],"version-history":[{"count":19,"href":"https:\/\/www.katshakti.com\/en\/wp-json\/wp\/v2\/pages\/3\/revisions"}],"predecessor-version":[{"id":12890,"href":"https:\/\/www.katshakti.com\/en\/wp-json\/wp\/v2\/pages\/3\/revisions\/12890"}],"wp:attachment":[{"href":"https:\/\/www.katshakti.com\/en\/wp-json\/wp\/v2\/media?parent=3"}],"curies":[{"name":"wp","href":"https:\/\/api.w.org\/{rel}","templated":true}]}}