{"id":465,"date":"2020-06-10T18:45:51","date_gmt":"2020-06-10T18:45:51","guid":{"rendered":"http:\/\/localhost\/context\/?page_id=465"},"modified":"2025-02-15T13:09:39","modified_gmt":"2025-02-15T13:09:39","slug":"cennik","status":"publish","type":"page","link":"https:\/\/www.katshakti.com\/en\/cennik\/","title":{"rendered":"Cennik"},"content":{"rendered":"<div data-elementor-type=\"wp-page\" data-elementor-id=\"465\" class=\"elementor elementor-465\">\n\t\t\t\t\t\t<section class=\"elementor-section elementor-top-section elementor-element elementor-element-3b6226d elementor-section-boxed elementor-section-height-default elementor-section-height-default\" data-id=\"3b6226d\" data-element_type=\"section\" data-e-type=\"section\" data-settings=\"{&quot;background_background&quot;:&quot;classic&quot;,&quot;shape_divider_bottom&quot;:&quot;waves&quot;}\">\n\t\t\t\t\t<div class=\"elementor-shape elementor-shape-bottom\" aria-hidden=\"true\" data-negative=\"false\">\n\t\t\t<svg xmlns=\"http:\/\/www.w3.org\/2000\/svg\" viewbox=\"0 0 1000 100\" preserveaspectratio=\"none\">\n\t<path class=\"elementor-shape-fill\" d=\"M421.9,6.5c22.6-2.5,51.5,0.4,75.5,5.3c23.6,4.9,70.9,23.5,100.5,35.7c75.8,32.2,133.7,44.5,192.6,49.7\tc23.6,2.1,48.7,3.5,103.4-2.5c54.7-6,106.2-25.6,106.2-25.6V0H0v30.3c0,0,72,32.6,158.4,30.5c39.2-0.7,92.8-6.7,134-22.4\tc21.2-8.1,52.2-18.2,79.7-24.2C399.3,7.9,411.6,7.5,421.9,6.5z\"\/>\n<\/svg>\t\t<\/div>\n\t\t\t\t\t<div class=\"elementor-container elementor-column-gap-default\">\n\t\t\t\t\t<div class=\"elementor-column elementor-col-100 elementor-top-column elementor-element elementor-element-f9c7909\" data-id=\"f9c7909\" data-element_type=\"column\" data-e-type=\"column\">\n\t\t\t<div class=\"elementor-widget-wrap elementor-element-populated\">\n\t\t\t\t\t\t<div class=\"elementor-element elementor-element-edcbfe5 elementor-widget elementor-widget-witr_banner_slider\" data-id=\"edcbfe5\" data-element_type=\"widget\" data-e-type=\"widget\" data-widget_type=\"witr_banner_slider.default\">\n\t\t\t\t<div class=\"elementor-widget-container\">\n\t\t\t\t\t\n\t\t<div class=\"witr_banner_area witr_banner_height\">\n\t\t\n\t\t\t<div class=\"witr_banner_content text-center\">\n\t\t\t\t<!-- title 1 -->\n\t\t\t\t\t\t\t\t<!-- title 2 -->\n\t\t\t\t\t\t\t\t<!-- title 3 -->\n\t\t\t\t\t\t\t\t<!-- pragraph -->\n\t\t\t\t\t\t\t\t<!-- button -->\n\t\t\t\t\t\t\t\t\n\t\t\t\t<!-- video button -->\n\t\t\t\t\t\t\t\t\n\t\t\t\t\n\t\t\t\t\t\n\n\t\t\t\t\n\t\t\t\t<!-- social -->\n\t\t\t\t<ul class=\"witr_ico2\">\n\t\t\t\t\t\t\t\t\t\t\t\t\t\t\t\t\t\t\t\t\t\t\t\t\t\t\t\t\t\t\t\t\t\t\t\t\t\t\t\t\t\t\t\t\t\t\t\t\t\t\t\t\t\t<\/ul>\t\t\t\t\n\t\t\t<\/div> <!-- banner content -->\t\t\t\n\t\t<\/div>\n\t\t\n\t\t\n\t\t\t\t\t\t<\/div>\n\t\t\t\t<\/div>\n\t\t\t\t\t<\/div>\n\t\t<\/div>\n\t\t\t\t\t<\/div>\n\t\t<\/section>\n\t\t\t\t<section class=\"elementor-section elementor-top-section elementor-element elementor-element-1227638 elementor-section-boxed elementor-section-height-default elementor-section-height-default\" data-id=\"1227638\" data-element_type=\"section\" data-e-type=\"section\" data-settings=\"{&quot;shape_divider_bottom&quot;:&quot;waves&quot;}\">\n\t\t\t\t\t<div class=\"elementor-shape elementor-shape-bottom\" aria-hidden=\"true\" data-negative=\"false\">\n\t\t\t<svg xmlns=\"http:\/\/www.w3.org\/2000\/svg\" viewbox=\"0 0 1000 100\" preserveaspectratio=\"none\">\n\t<path class=\"elementor-shape-fill\" d=\"M421.9,6.5c22.6-2.5,51.5,0.4,75.5,5.3c23.6,4.9,70.9,23.5,100.5,35.7c75.8,32.2,133.7,44.5,192.6,49.7\tc23.6,2.1,48.7,3.5,103.4-2.5c54.7-6,106.2-25.6,106.2-25.6V0H0v30.3c0,0,72,32.6,158.4,30.5c39.2-0.7,92.8-6.7,134-22.4\tc21.2-8.1,52.2-18.2,79.7-24.2C399.3,7.9,411.6,7.5,421.9,6.5z\"\/>\n<\/svg>\t\t<\/div>\n\t\t\t\t\t<div class=\"elementor-container elementor-column-gap-default\">\n\t\t\t\t\t<div class=\"elementor-column elementor-col-100 elementor-top-column elementor-element elementor-element-12a2983\" data-id=\"12a2983\" data-element_type=\"column\" data-e-type=\"column\">\n\t\t\t<div class=\"elementor-widget-wrap elementor-element-populated\">\n\t\t\t\t\t\t<section class=\"elementor-section elementor-inner-section elementor-element elementor-element-2ff1825 elementor-section-boxed elementor-section-height-default elementor-section-height-default\" data-id=\"2ff1825\" data-element_type=\"section\" data-e-type=\"section\">\n\t\t\t\t\t\t<div class=\"elementor-container elementor-column-gap-default\">\n\t\t\t\t\t<div class=\"elementor-column elementor-col-100 elementor-inner-column elementor-element elementor-element-2ebeac2\" data-id=\"2ebeac2\" data-element_type=\"column\" data-e-type=\"column\">\n\t\t\t<div class=\"elementor-widget-wrap elementor-element-populated\">\n\t\t\t\t\t\t<div class=\"elementor-element elementor-element-ac9f1f5 poket-star-rating--align-center elementor-widget elementor-widget-witr_section_title\" data-id=\"ac9f1f5\" data-element_type=\"widget\" data-e-type=\"widget\" data-widget_type=\"witr_section_title.default\">\n\t\t\t\t<div class=\"elementor-widget-container\">\n\t\t\t\t\t\t\t\t\t\t<!-- title center -->\n\t\t\t\t\t<div class=\"witr_section_title\">\n\t\t\t\t\t\t<div class=\"witr_section_title_inner text-center\">\n\n\t\t\t\t\t\t\t<!-- icon position -->\n\t\t\t\t\t\t\t\t\n\t\t\t\t\t\t\t<!-- end icon position -->\n\t\t\t\t\t\t\t\n\t\t\t\t\t\t\n\t\t\t\t\t\t\t<!-- title top -->\n\t\t\t\t\t\t\t\n\n\t\t\t\t\t\t\t<!-- icon position -->\n\t\t\t\t\t\t\t\t\n\t\t\t\t\t\t\t<!-- end icon position -->\n\n\n\t\t\t\t\t\t\t\n\t\t\t\t\t\t\t<!-- title middle -->\n\t\t\t\t\t\t\t\t\t\t\t\t\t\t\t<h3>Private EFT sessions<\/h3>\t\t\n\t\t\t\t\t\t\t\t\t\t\t\t\t\t<!-- title bottom -->\n\t\t\t\t\t\t\t\n\t\t\t\t\t\t\t\n\t\t\t\t\t\t\t\n\t\t\t\t\t\t\t\t\t\t\t\t\t\t\n\t\t\t\t\t\t\t<!-- image -->\n\t\t\t\t\t\t\t\t\t\t\t\t\t\t<!-- icon -->\n\t\t\t\t\t\t\t\t\t\t\t\t\t\t\n\t\t\t\t\t\t\t<!-- bar -->\n\t\t\t\t\t\t\t\t\t\t\t\t\t\t<!-- circle bar -->\n\t\t\t\t\t\t\t\t\t\t\t\t\t\t\n\t\t\t\t\t\t\t\t\n\t\t\t\t\t\t\t\n\n\t\t\t\t\t\t\t\n\t\t\t\t\t\t\t<!-- content -->\n\t\t\t\t\t\t\t\t\t\t\t\t\t\t\t<p>on ZOOM platform. <\/p>\t\t\n\t\t\t\t\t\t\t\t\t\t\t\t\t\t\n\t\t\t\t\t\t<\/div>\n\t\t\t\t\t\t\t<!-- inner title -->\n\t\t\t\t\t\t\t\t\t\t\t\t\t\n\t\t\t\t\t<\/div>\n\n\t\t\t\t\t\t\t\t<\/div>\n\t\t\t\t<\/div>\n\t\t\t\t\t<\/div>\n\t\t<\/div>\n\t\t\t\t\t<\/div>\n\t\t<\/section>\n\t\t\t\t<div class=\"elementor-element elementor-element-5b1f4b1 elementor-widget elementor-widget-text-editor\" data-id=\"5b1f4b1\" data-element_type=\"widget\" data-e-type=\"widget\" data-widget_type=\"text-editor.default\">\n\t\t\t\t<div class=\"elementor-widget-container\">\n\t\t\t\t\t\t\t\t\t<p>Poniedzia\u0142ki i Wtorki pomi\u0119dzy 12:00 a 20:00 oraz w Pi\u0105tki pomi\u0119dzy 14:00 a 15:00 czasu Polskiego.<\/p><p>Our first meeting lasts approximately 90 minutes, each subsequent session lasts 60 minutes.<\/p><p>Zapraszam na 20 min darmow\u0105 konsultacje przed zakupem sesji.<\/p><p>After purchasing a session or package, you will receive an e-mail from me within 2 days and we will arrange the first meeting.<\/p>\t\t\t\t\t\t\t\t<\/div>\n\t\t\t\t<\/div>\n\t\t\t\t<div class=\"elementor-element elementor-element-7e1220b elementor-widget elementor-widget-html\" data-id=\"7e1220b\" data-element_type=\"widget\" data-e-type=\"widget\" data-widget_type=\"html.default\">\n\t\t\t\t<div class=\"elementor-widget-container\">\n\t\t\t\t\t<!-- Calendly inline widget begin -->\n<div class=\"calendly-inline-widget\" data-url=\"https:\/\/calendly.com\/katshakti\/free-consulation\" style=\"min-width:320px;height:700px;\"><\/div>\n<script type=\"text\/javascript\" src=\"https:\/\/assets.calendly.com\/assets\/external\/widget.js\" async><\/script>\n<!-- Calendly inline widget end -->\t\t\t\t<\/div>\n\t\t\t\t<\/div>\n\t\t\t\t<section class=\"elementor-section elementor-inner-section elementor-element elementor-element-1569d92 elementor-section-full_width elementor-section-height-default elementor-section-height-default\" data-id=\"1569d92\" data-element_type=\"section\" data-e-type=\"section\">\n\t\t\t\t\t\t<div class=\"elementor-container elementor-column-gap-default\">\n\t\t\t\t\t<div class=\"elementor-column elementor-col-33 elementor-inner-column elementor-element elementor-element-79a3998\" data-id=\"79a3998\" data-element_type=\"column\" data-e-type=\"column\">\n\t\t\t<div class=\"elementor-widget-wrap elementor-element-populated\">\n\t\t\t\t\t\t<div class=\"elementor-element elementor-element-0213d8d poket-star-rating--align-center elementor-widget elementor-widget-witr_section_pricing\" data-id=\"0213d8d\" data-element_type=\"widget\" data-e-type=\"widget\" data-widget_type=\"witr_section_pricing.default\">\n\t\t\t\t<div class=\"elementor-widget-container\">\n\t\t\t\t\t\n\n\t\t\t\t\t\n\t\t\t\t<div class=\"pricing_area all_pricing_color\">\n                    <div class=\"pricing-part\">\n\t\n\t\t\t\t\t\t\t<!-- icon -->\n\t\t\t\t\t\t\t<div class=\"witr_pricing_icon\">\n\t\t\t\t\t\t\t\t\t\t\t\t\t\t\t<\/div>\n\t\t\t\t\n\t\t\t\t\t\t\t<!-- image -->\n\t\t\t\t\t\t\t\t\t\t\t\t\t\t\n\t\t\t\t\t\t\t<!-- ribon -->\t\n\t\t\t\t\t\t\t\t\t\t\t\t\t\n\t\t\t\t\t\t\t<!-- title -->\n\t\t\t\t\t\t\t\t\t\t\t\t\t\t\t<h4>Single session <\/h4>\t\n\t\t\t\t\t\t\t\t\t\t\t\t\t\t<!--  price content -->\n\t\t\t\t\t\t\t\t\t\t\t\t\t\t<!-- offer price -->\n\t\t\t\t\t\t\t\t\t\t\t\t\t\t<!-- price\/currency\/month -->\n\t\t\t\t\t\t\t\t\t\t\t\t\t\t\t<h5><span><\/span>Investment: <span> \u00a370<\/span><\/h5>\n\t\t\t\t\t\t\t\t\t\t\t\t\t\t<!-- yearly -->\n\t\t\t\t\t\t\t\t\t\t\t\t\t\t\n\n\t\t\t\t\t\t\t\t\t\t\t\t\t\t\n\t\t\t\t\t\t<!-- button -->\n\t\t\t\t\t\t\t\t\t\t\t\t<div class=\"witr_btnp_color\">\n\t\t\t\t\t\t\t<a  class=\"btn\" href=\"https:\/\/www.katshakti.com\/en\/product\/eft-1\/\">I CHOOSE<\/a>\n\t\t\t\t\t\t<\/div>\t\t\t\n\t\t\t\t\t\t\t\t\t\t\t\t<!-- call -->\n\t\t\t\t\t\t\t\t\t\t\t\t\n                    <\/div> <!-- pricing part -->\n                <\/div> \n\n\t\t\t\n\t\t\t\t\t\t\t<\/div>\n\t\t\t\t<\/div>\n\t\t\t\t\t<\/div>\n\t\t<\/div>\n\t\t\t\t<div class=\"elementor-column elementor-col-33 elementor-inner-column elementor-element elementor-element-04f21a5\" data-id=\"04f21a5\" data-element_type=\"column\" data-e-type=\"column\">\n\t\t\t<div class=\"elementor-widget-wrap elementor-element-populated\">\n\t\t\t\t\t\t<div class=\"elementor-element elementor-element-e8809ea poket-star-rating--align-center elementor-widget elementor-widget-witr_section_pricing\" data-id=\"e8809ea\" data-element_type=\"widget\" data-e-type=\"widget\" data-widget_type=\"witr_section_pricing.default\">\n\t\t\t\t<div class=\"elementor-widget-container\">\n\t\t\t\t\t\n\n\t\t\t\t\t\n\t\t\t\t<div class=\"pricing_area all_pricing_color\">\n                    <div class=\"pricing-part\">\n\t\n\t\t\t\t\t\t\t<!-- icon -->\n\t\t\t\t\t\t\t<div class=\"witr_pricing_icon\">\n\t\t\t\t\t\t\t\t\t\t\t\t\t\t\t<\/div>\n\t\t\t\t\n\t\t\t\t\t\t\t<!-- image -->\n\t\t\t\t\t\t\t\t\t\t\t\t\t\t\n\t\t\t\t\t\t\t<!-- ribon -->\t\n\t\t\t\t\t\t\t\t\t\t\t\t\t\n\t\t\t\t\t\t\t<!-- title -->\n\t\t\t\t\t\t\t\t\t\t\t\t\t\t\t<h4>4 sessions <\/h4>\t\n\t\t\t\t\t\t\t\t\t\t\t\t\t\t<!--  price content -->\n\t\t\t\t\t\t\t\t\t\t\t\t\t\t<!-- offer price -->\n\t\t\t\t\t\t\t\t\t\t\t\t\t\t<!-- price\/currency\/month -->\n\t\t\t\t\t\t\t\t\t\t\t\t\t\t\t<h5><span><\/span>Investment: <span> \u00a3240<\/span><\/h5>\n\t\t\t\t\t\t\t\t\t\t\t\t\t\t<!-- yearly -->\n\t\t\t\t\t\t\t\t\t\t\t\t\t\t\n\n\t\t\t\t\t\t\t\t\t\t\t\t\t\t\n\t\t\t\t\t\t<!-- button -->\n\t\t\t\t\t\t\t\t\t\t\t\t<div class=\"witr_btnp_color\">\n\t\t\t\t\t\t\t<a  class=\"btn\" href=\"https:\/\/www.katshakti.com\/en\/product\/eft-4\/\">I CHOOSE<\/a>\n\t\t\t\t\t\t<\/div>\t\t\t\n\t\t\t\t\t\t\t\t\t\t\t\t<!-- call -->\n\t\t\t\t\t\t\t\t\t\t\t\t\n                    <\/div> <!-- pricing part -->\n                <\/div> \n\n\t\t\t\n\t\t\t\t\t\t\t<\/div>\n\t\t\t\t<\/div>\n\t\t\t\t\t<\/div>\n\t\t<\/div>\n\t\t\t\t<div class=\"elementor-column elementor-col-33 elementor-inner-column elementor-element elementor-element-6bb1c2e\" data-id=\"6bb1c2e\" data-element_type=\"column\" data-e-type=\"column\">\n\t\t\t<div class=\"elementor-widget-wrap elementor-element-populated\">\n\t\t\t\t\t\t<div class=\"elementor-element elementor-element-7c64e5c poket-star-rating--align-center elementor-widget elementor-widget-witr_section_pricing\" data-id=\"7c64e5c\" data-element_type=\"widget\" data-e-type=\"widget\" data-widget_type=\"witr_section_pricing.default\">\n\t\t\t\t<div class=\"elementor-widget-container\">\n\t\t\t\t\t\n\n\t\t\t\t\t\n\t\t\t\t<div class=\"pricing_area all_pricing_color\">\n                    <div class=\"pricing-part\">\n\t\n\t\t\t\t\t\t\t<!-- icon -->\n\t\t\t\t\t\t\t<div class=\"witr_pricing_icon\">\n\t\t\t\t\t\t\t\t\t\t\t\t\t\t\t<\/div>\n\t\t\t\t\n\t\t\t\t\t\t\t<!-- image -->\n\t\t\t\t\t\t\t\t\t\t\t\t\t\t\n\t\t\t\t\t\t\t<!-- ribon -->\t\n\t\t\t\t\t\t\t\t\t\t\t\t\t\n\t\t\t\t\t\t\t<!-- title -->\n\t\t\t\t\t\t\t\t\t\t\t\t\t\t\t<h4>8 sessions <\/h4>\t\n\t\t\t\t\t\t\t\t\t\t\t\t\t\t<!--  price content -->\n\t\t\t\t\t\t\t\t\t\t\t\t\t\t<!-- offer price -->\n\t\t\t\t\t\t\t\t\t\t\t\t\t\t<!-- price\/currency\/month -->\n\t\t\t\t\t\t\t\t\t\t\t\t\t\t\t<h5><span><\/span>Investment: <span> \u00a3440<\/span><\/h5>\n\t\t\t\t\t\t\t\t\t\t\t\t\t\t<!-- yearly -->\n\t\t\t\t\t\t\t\t\t\t\t\t\t\t\n\n\t\t\t\t\t\t\t\t\t\t\t\t\t\t\n\t\t\t\t\t\t<!-- button -->\n\t\t\t\t\t\t\t\t\t\t\t\t<div class=\"witr_btnp_color\">\n\t\t\t\t\t\t\t<a  class=\"btn\" href=\"https:\/\/www.katshakti.com\/en\/product\/eft6sesji\/\">I CHOOSE<\/a>\n\t\t\t\t\t\t<\/div>\t\t\t\n\t\t\t\t\t\t\t\t\t\t\t\t<!-- call -->\n\t\t\t\t\t\t\t\t\t\t\t\t\n                    <\/div> <!-- pricing part -->\n                <\/div> \n\n\t\t\t\n\t\t\t\t\t\t\t<\/div>\n\t\t\t\t<\/div>\n\t\t\t\t\t<\/div>\n\t\t<\/div>\n\t\t\t\t\t<\/div>\n\t\t<\/section>\n\t\t\t\t<div class=\"elementor-element elementor-element-79cfed3 elementor-widget elementor-widget-spacer\" data-id=\"79cfed3\" data-element_type=\"widget\" data-e-type=\"widget\" data-widget_type=\"spacer.default\">\n\t\t\t\t<div class=\"elementor-widget-container\">\n\t\t\t\t\t\t\t<div class=\"elementor-spacer\">\n\t\t\t<div class=\"elementor-spacer-inner\"><\/div>\n\t\t<\/div>\n\t\t\t\t\t\t<\/div>\n\t\t\t\t<\/div>\n\t\t\t\t<div class=\"elementor-element elementor-element-7e21d3e elementor-widget elementor-widget-text-editor\" data-id=\"7e21d3e\" data-element_type=\"widget\" data-e-type=\"widget\" data-widget_type=\"text-editor.default\">\n\t\t\t\t<div class=\"elementor-widget-container\">\n\t\t\t\t\t\t\t\t\t<p>100% deposit charged at time of booking, via website purchase or bank transfer.<\/p><p><b>What if you need to cancel?<\/b><\/p><p>Cancellations can be made free of charge if given a minimum of 24 hours notice, the deposit will then be carried over to the next appointment. Failure to notify within this period will result in the loss of the deposit.<\/p>\t\t\t\t\t\t\t\t<\/div>\n\t\t\t\t<\/div>\n\t\t\t\t\t<\/div>\n\t\t<\/div>\n\t\t\t\t\t<\/div>\n\t\t<\/section>\n\t\t\t\t<section class=\"elementor-section elementor-top-section elementor-element elementor-element-c88db17 elementor-section-boxed elementor-section-height-default elementor-section-height-default\" data-id=\"c88db17\" data-element_type=\"section\" data-e-type=\"section\" data-settings=\"{&quot;shape_divider_bottom&quot;:&quot;waves&quot;,&quot;background_background&quot;:&quot;classic&quot;}\">\n\t\t\t\t\t<div class=\"elementor-shape elementor-shape-bottom\" aria-hidden=\"true\" data-negative=\"false\">\n\t\t\t<svg xmlns=\"http:\/\/www.w3.org\/2000\/svg\" viewbox=\"0 0 1000 100\" preserveaspectratio=\"none\">\n\t<path class=\"elementor-shape-fill\" d=\"M421.9,6.5c22.6-2.5,51.5,0.4,75.5,5.3c23.6,4.9,70.9,23.5,100.5,35.7c75.8,32.2,133.7,44.5,192.6,49.7\tc23.6,2.1,48.7,3.5,103.4-2.5c54.7-6,106.2-25.6,106.2-25.6V0H0v30.3c0,0,72,32.6,158.4,30.5c39.2-0.7,92.8-6.7,134-22.4\tc21.2-8.1,52.2-18.2,79.7-24.2C399.3,7.9,411.6,7.5,421.9,6.5z\"\/>\n<\/svg>\t\t<\/div>\n\t\t\t\t\t<div class=\"elementor-container elementor-column-gap-default\">\n\t\t\t\t\t<div class=\"elementor-column elementor-col-100 elementor-top-column elementor-element elementor-element-838f09e\" data-id=\"838f09e\" data-element_type=\"column\" data-e-type=\"column\">\n\t\t\t<div class=\"elementor-widget-wrap elementor-element-populated\">\n\t\t\t\t\t\t\t<\/div>\n\t\t<\/div>\n\t\t\t\t\t<\/div>\n\t\t<\/section>\n\t\t\t\t<\/div>","protected":false},"excerpt":{"rendered":"<p>Sesje prywatne EFT prowadzone s\u0105 na platformie ZOOM. Poniedzia\u0142ki i Wtorki pomi\u0119dzy 12:00 a 20:00 oraz w Pi\u0105tki pomi\u0119dzy 14:00 a 15:00 czasu Polskiego. Nasze pierwsze spotkanie trwa ok 90 min, ka\u017cda nast\u0119pna sesja to 60 min. Zapraszam na 20 min darmow\u0105 konsultacje przed zakupem sesji. Po zakupieniu sesji lub pakietu otrzymasz odemnie maila w [&hellip;]<\/p>\n","protected":false},"author":2,"featured_media":0,"parent":0,"menu_order":0,"comment_status":"closed","ping_status":"closed","template":"template-home.php","meta":{"_monsterinsights_skip_tracking":false,"_monsterinsights_sitenote_active":false,"_monsterinsights_sitenote_note":"","_monsterinsights_sitenote_category":0,"footnotes":""},"class_list":["post-465","page","type-page","status-publish","hentry"],"jetpack_sharing_enabled":true,"_links":{"self":[{"href":"https:\/\/www.katshakti.com\/en\/wp-json\/wp\/v2\/pages\/465","targetHints":{"allow":["GET"]}}],"collection":[{"href":"https:\/\/www.katshakti.com\/en\/wp-json\/wp\/v2\/pages"}],"about":[{"href":"https:\/\/www.katshakti.com\/en\/wp-json\/wp\/v2\/types\/page"}],"author":[{"embeddable":true,"href":"https:\/\/www.katshakti.com\/en\/wp-json\/wp\/v2\/users\/2"}],"replies":[{"embeddable":true,"href":"https:\/\/www.katshakti.com\/en\/wp-json\/wp\/v2\/comments?post=465"}],"version-history":[{"count":268,"href":"https:\/\/www.katshakti.com\/en\/wp-json\/wp\/v2\/pages\/465\/revisions"}],"predecessor-version":[{"id":13649,"href":"https:\/\/www.katshakti.com\/en\/wp-json\/wp\/v2\/pages\/465\/revisions\/13649"}],"wp:attachment":[{"href":"https:\/\/www.katshakti.com\/en\/wp-json\/wp\/v2\/media?parent=465"}],"curies":[{"name":"wp","href":"https:\/\/api.w.org\/{rel}","templated":true}]}}