{"id":583,"date":"2021-12-07T20:03:08","date_gmt":"2021-12-07T20:03:08","guid":{"rendered":"https:\/\/www.katshakti.com\/?page_id=583"},"modified":"2025-08-27T19:18:31","modified_gmt":"2025-08-27T19:18:31","slug":"co-to-jest-eft","status":"publish","type":"page","link":"https:\/\/www.katshakti.com\/en\/co-to-jest-eft\/","title":{"rendered":"What is EFT?"},"content":{"rendered":"<div data-elementor-type=\"wp-page\" data-elementor-id=\"583\" class=\"elementor elementor-583\">\n\t\t\t\t\t\t<section class=\"elementor-section elementor-top-section elementor-element elementor-element-93d8ab7 elementor-section-full_width elementor-section-content-middle elementor-section-height-default elementor-section-height-default\" data-id=\"93d8ab7\" data-element_type=\"section\" data-e-type=\"section\" data-settings=\"{&quot;background_background&quot;:&quot;classic&quot;,&quot;shape_divider_bottom&quot;:&quot;waves&quot;}\">\n\t\t\t\t\t<div class=\"elementor-shape elementor-shape-bottom\" aria-hidden=\"true\" data-negative=\"false\">\n\t\t\t<svg xmlns=\"http:\/\/www.w3.org\/2000\/svg\" viewbox=\"0 0 1000 100\" preserveaspectratio=\"none\">\n\t<path class=\"elementor-shape-fill\" d=\"M421.9,6.5c22.6-2.5,51.5,0.4,75.5,5.3c23.6,4.9,70.9,23.5,100.5,35.7c75.8,32.2,133.7,44.5,192.6,49.7\tc23.6,2.1,48.7,3.5,103.4-2.5c54.7-6,106.2-25.6,106.2-25.6V0H0v30.3c0,0,72,32.6,158.4,30.5c39.2-0.7,92.8-6.7,134-22.4\tc21.2-8.1,52.2-18.2,79.7-24.2C399.3,7.9,411.6,7.5,421.9,6.5z\"\/>\n<\/svg>\t\t<\/div>\n\t\t\t\t\t<div class=\"elementor-container elementor-column-gap-default\">\n\t\t\t\t\t<div class=\"elementor-column elementor-col-100 elementor-top-column elementor-element elementor-element-84d8ef4\" data-id=\"84d8ef4\" data-element_type=\"column\" data-e-type=\"column\">\n\t\t\t<div class=\"elementor-widget-wrap elementor-element-populated\">\n\t\t\t\t\t\t<div class=\"elementor-element elementor-element-a3f0635 elementor-widget elementor-widget-witr_banner_slider\" data-id=\"a3f0635\" data-element_type=\"widget\" data-e-type=\"widget\" data-widget_type=\"witr_banner_slider.default\">\n\t\t\t\t<div class=\"elementor-widget-container\">\n\t\t\t\t\t\n\t\t<div class=\"witr_banner_area witr_banner_height\">\n\t\t\n\t\t\t<div class=\"witr_banner_content text-center\">\n\t\t\t\t<!-- title 1 -->\n\t\t\t\t\t\t\t\t<!-- title 2 -->\n\t\t\t\t\t\t\t\t<!-- title 3 -->\n\t\t\t\t\t\t\t\t<!-- pragraph -->\n\t\t\t\t\t\t\t\t<!-- button -->\n\t\t\t\t\t\t\t\t\n\t\t\t\t<!-- video button -->\n\t\t\t\t\t\t\t\t\n\t\t\t\t\n\t\t\t\t\t\n\n\t\t\t\t\n\t\t\t\t<!-- social -->\n\t\t\t\t<ul class=\"witr_ico2\">\n\t\t\t\t\t\t\t\t\t\t\t\t\t\t\t\t\t\t\t\t\t\t\t\t\t\t\t\t\t\t\t\t\t\t\t\t\t\t\t\t\t\t\t\t\t\t\t\t\t\t\t\t\t\t<\/ul>\t\t\t\t\n\t\t\t<\/div> <!-- banner content -->\t\t\t\n\t\t<\/div>\n\t\t\n\t\t\n\t\t\t\t\t\t<\/div>\n\t\t\t\t<\/div>\n\t\t\t\t\t<\/div>\n\t\t<\/div>\n\t\t\t\t\t<\/div>\n\t\t<\/section>\n\t\t\t\t<section class=\"elementor-section elementor-top-section elementor-element elementor-element-4bce8969 elementor-section-boxed elementor-section-height-default elementor-section-height-default\" data-id=\"4bce8969\" data-element_type=\"section\" data-e-type=\"section\" data-settings=\"{&quot;background_background&quot;:&quot;classic&quot;}\">\n\t\t\t\t\t\t<div class=\"elementor-container elementor-column-gap-default\">\n\t\t\t\t\t<div class=\"elementor-column elementor-col-100 elementor-top-column elementor-element elementor-element-3eed2acd\" data-id=\"3eed2acd\" data-element_type=\"column\" data-e-type=\"column\">\n\t\t\t<div class=\"elementor-widget-wrap elementor-element-populated\">\n\t\t\t\t\t\t<section class=\"elementor-section elementor-inner-section elementor-element elementor-element-39f16ac elementor-section-boxed elementor-section-height-default elementor-section-height-default\" data-id=\"39f16ac\" data-element_type=\"section\" data-e-type=\"section\">\n\t\t\t\t\t\t<div class=\"elementor-container elementor-column-gap-default\">\n\t\t\t\t\t<div class=\"elementor-column elementor-col-50 elementor-inner-column elementor-element elementor-element-2e6f4bc\" data-id=\"2e6f4bc\" data-element_type=\"column\" data-e-type=\"column\">\n\t\t\t<div class=\"elementor-widget-wrap\">\n\t\t\t\t\t\t\t<\/div>\n\t\t<\/div>\n\t\t\t\t<div class=\"elementor-column elementor-col-50 elementor-inner-column elementor-element elementor-element-a586f16\" data-id=\"a586f16\" data-element_type=\"column\" data-e-type=\"column\">\n\t\t\t<div class=\"elementor-widget-wrap elementor-element-populated\">\n\t\t\t\t\t\t<div class=\"elementor-element elementor-element-5fdc197 elementor-widget elementor-widget-heading\" data-id=\"5fdc197\" data-element_type=\"widget\" data-e-type=\"widget\" data-widget_type=\"heading.default\">\n\t\t\t\t<div class=\"elementor-widget-container\">\n\t\t\t\t\t<h2 class=\"elementor-heading-title elementor-size-default\">What is EFT Tapping?<\/h2>\t\t\t\t<\/div>\n\t\t\t\t<\/div>\n\t\t\t\t<div class=\"elementor-element elementor-element-2aa0f52 elementor-widget__width-initial elementor-widget elementor-widget-text-editor\" data-id=\"2aa0f52\" data-element_type=\"widget\" data-e-type=\"widget\" data-widget_type=\"text-editor.default\">\n\t\t\t\t<div class=\"elementor-widget-container\">\n\t\t\t\t\t\t\t\t\t<p>EFT, czyli Tapping (z Ang. Emotional Freedom Techniques), jest mocarnym narz\u0119dziem samopomocy, kt\u00f3re polega na delikatnym opukiwaniu okre\u015blonych punkt\u00f3w akupunkturowych.<\/p><p>Znamy te punkty dzi\u0119ki tradycyjnej medycynie chi\u0144skiej. S\u0105 to te same punkty, w kt\u00f3re wprowadzane s\u0105 ig\u0142y podczas akupunktury.<\/p><p>EFT \u0142\u0105czy t\u0119 wiedz\u0119 ze wsp\u00f3\u0142czesn\u0105 psychologi\u0105, a zw\u0142aszcza terapi\u0105 poznawczo-behawioraln\u0105 CBT oraz terapi\u0105 ekspozycji oraz z nauk\u0105 o neuroplastyczno\u015bci, czyli zdolno\u015bciach naszego m\u00f3zgu do zmiany i dostosowywania si\u0119 w odpowiedzi na nasze do\u015bwiadczenia.<\/p><p>W praktyce polega to na opukiwaniu punkt\u00f3w akupunkt\u00f3rowych podczas skupiania uwagi na i m\u00f3wieniu o konkretnym problemie, wspomnieniu i emocjach, kt\u00f3rymi chcesz si\u0119 zaj\u0105\u0107.<\/p><p>W przeci\u0105gu ostanich 30 lat, EFT\u00a0 pomog\u0142o ju\u017c setkom tysi\u0119cy ludzi rozwi\u0105za\u0107 problemy emocjonalne, uwolni\u0107 traumy i\u00a0 negatywne przekonania a nawet leczy\u0107 choroby.<\/p><p>Przeprowadzono ju\u017c poand 200 bada\u0144 klinicznych, kt\u00f3re popieraj\u0105 efektywno\u015b\u0107 EFT. Wi\u0119kszo\u015b\u0107 tych bada\u0144 skupia si\u0119 na tym jak Tapping pomaga obni\u017ca\u0107 poziomu stresu, l\u0119k\u00f3w, depresji i zespo\u0142u stresu pourazowego, jak i r\u00f3wnie\u017c wspiera tez\u0119, \u017ce EFT mo\u017ce by\u0107 bardzo skuteczne w odchudzaniu, daj\u0105c d\u0142ugotrwa\u0142e efekty.<\/p><div class=\"elementor-element elementor-element-152f26f elementor-widget elementor-widget-text-editor\" data-id=\"152f26f\" data-element_type=\"widget\" data-widget_type=\"text-editor.default\"><div class=\"elementor-widget-container\"><p>Jednak\u017ce EFT mo\u017ce pom\u00f3c w wielu r\u00f3\u017cnych problemach, mi\u0119dzy innymi:\u00a0<\/p><\/div><\/div><div class=\"elementor-element elementor-element-eb131c4 elementor-widget__width-inherit poket-star-rating--align-center elementor-widget elementor-widget-witr_section_list\" data-id=\"eb131c4\" data-element_type=\"widget\" data-widget_type=\"witr_section_list.default\"><div class=\"elementor-widget-container\"><div class=\"departmentList all_list_color\"><ul><li><i class=\"icofont icofont-leaf\"><\/i> Overweight, emotional eating and lack of body acceptance<\/li><li><i class=\"icofont icofont-leaf\"><\/i> Lack of self-confidence and low self-esteem<\/li><li><i class=\"icofont icofont-leaf\"><\/i> Fears and phobias<\/li><li><i class=\"icofont icofont-leaf\"><\/i> Trauma and PTSD<\/li><li><i class=\"icofont icofont-leaf\"><\/i> Addictions<\/li><li><i class=\"icofont icofont-leaf\"><\/i> Tendencies towards toxic relationships<\/li><li><i class=\"icofont icofont-leaf\"><\/i> Limiting beliefs<\/li><li><i class=\"icofont icofont-leaf\"><\/i> Panic attacks<\/li><li><i class=\"icofont icofont-leaf\"><\/i> Depression and sadness<\/li><li><i class=\"icofont icofont-leaf\"><\/i> Dealing with anger<\/li><li><i class=\"icofont icofont-leaf\"><\/i> Insomnia<\/li><li><i class=\"icofont icofont-leaf\"><\/i> Treatment of pain of various origins<\/li><li><i class=\"icofont icofont-leaf\"><\/i> Migraines<\/li><li><i class=\"icofont icofont-leaf\"><\/i> Underweight and lack of appetite<\/li><li><i class=\"icofont icofont-leaf\"><\/i> Sports and other achievements<\/li><li><i class=\"icofont icofont-leaf\"><\/i> Difficulties in relationships with people<\/li><\/ul><\/div><\/div><\/div><div class=\"elementor-element elementor-element-5db2f16 elementor-widget elementor-widget-text-editor\" data-id=\"5db2f16\" data-element_type=\"widget\" data-widget_type=\"text-editor.default\"><div class=\"elementor-widget-container\"><p>Tw\u00f3rca metody EFT,Gary Craig, zach\u0119ca do stosowania EFT na wszystko. Trenerzy i osoby praktykuj\u0105ce EFT na ca\u0142ym \u015bwiecie, codziennie dziel\u0105 si\u0119 niesamowitymi efektami w r\u00f3\u017cnych sferach \u017cycia.<\/p><\/div><\/div><p>Jedn\u0105 z najwi\u0119kszych zalet EFT jest to, \u017ce jest \u0142atwa do nauczenia i mo\u017cesz je wykona\u0107 w dowolnym miejscu i czasie. Nie potrzebujesz \u017cadnego specjalnego sprz\u0119tu lub szkolenia i mo\u017cesz wykonywa\u0107 je samodzielnie.<\/p><p>Jednak na podstawie mojego w\u0142asnego do\u015bwiadczenie, pomimo tego, \u017ce wykorzystuj\u0119 EFT od 2015 niemal na co dzie\u0144, do spraw du\u017cych i ma\u0142ych, to najwi\u0119ksze prze\u0142omy osi\u0105gne\u0142am podczas wykonywania EFT z innym trenerem.<\/p>\t\t\t\t\t\t\t\t<\/div>\n\t\t\t\t<\/div>\n\t\t\t\t\t<\/div>\n\t\t<\/div>\n\t\t\t\t\t<\/div>\n\t\t<\/section>\n\t\t\t\t\t<\/div>\n\t\t<\/div>\n\t\t\t\t\t<\/div>\n\t\t<\/section>\n\t\t\t\t<section class=\"elementor-section elementor-top-section elementor-element elementor-element-798ed85 elementor-section-full_width elementor-section-height-default elementor-section-height-default\" data-id=\"798ed85\" data-element_type=\"section\" data-e-type=\"section\" data-settings=\"{&quot;background_background&quot;:&quot;classic&quot;,&quot;shape_divider_top&quot;:&quot;waves&quot;,&quot;shape_divider_bottom&quot;:&quot;waves&quot;}\">\n\t\t\t\t\t<div class=\"elementor-shape elementor-shape-top\" aria-hidden=\"true\" data-negative=\"false\">\n\t\t\t<svg xmlns=\"http:\/\/www.w3.org\/2000\/svg\" viewbox=\"0 0 1000 100\" preserveaspectratio=\"none\">\n\t<path class=\"elementor-shape-fill\" d=\"M421.9,6.5c22.6-2.5,51.5,0.4,75.5,5.3c23.6,4.9,70.9,23.5,100.5,35.7c75.8,32.2,133.7,44.5,192.6,49.7\tc23.6,2.1,48.7,3.5,103.4-2.5c54.7-6,106.2-25.6,106.2-25.6V0H0v30.3c0,0,72,32.6,158.4,30.5c39.2-0.7,92.8-6.7,134-22.4\tc21.2-8.1,52.2-18.2,79.7-24.2C399.3,7.9,411.6,7.5,421.9,6.5z\"\/>\n<\/svg>\t\t<\/div>\n\t\t\t\t<div class=\"elementor-shape elementor-shape-bottom\" aria-hidden=\"true\" data-negative=\"false\">\n\t\t\t<svg xmlns=\"http:\/\/www.w3.org\/2000\/svg\" viewbox=\"0 0 1000 100\" preserveaspectratio=\"none\">\n\t<path class=\"elementor-shape-fill\" d=\"M421.9,6.5c22.6-2.5,51.5,0.4,75.5,5.3c23.6,4.9,70.9,23.5,100.5,35.7c75.8,32.2,133.7,44.5,192.6,49.7\tc23.6,2.1,48.7,3.5,103.4-2.5c54.7-6,106.2-25.6,106.2-25.6V0H0v30.3c0,0,72,32.6,158.4,30.5c39.2-0.7,92.8-6.7,134-22.4\tc21.2-8.1,52.2-18.2,79.7-24.2C399.3,7.9,411.6,7.5,421.9,6.5z\"\/>\n<\/svg>\t\t<\/div>\n\t\t\t\t\t<div class=\"elementor-container elementor-column-gap-default\">\n\t\t\t\t\t<div class=\"elementor-column elementor-col-100 elementor-top-column elementor-element elementor-element-3630c40\" data-id=\"3630c40\" data-element_type=\"column\" data-e-type=\"column\">\n\t\t\t<div class=\"elementor-widget-wrap elementor-element-populated\">\n\t\t\t\t\t\t<div class=\"elementor-element elementor-element-39feb52 elementor-widget elementor-widget-text-editor\" data-id=\"39feb52\" data-element_type=\"widget\" data-e-type=\"widget\" data-widget_type=\"text-editor.default\">\n\t\t\t\t<div class=\"elementor-widget-container\">\n\t\t\t\t\t\t\t\t\t<p>EFT regulates the nervous system, thereby strengthening the immune system. Tapping also causes the body to return to the parasympathetic (relaxation) response of the nervous system. This allows the immune system, digestive system, reproductive system and endocrine system to function as they should.<\/p>\t\t\t\t\t\t\t\t<\/div>\n\t\t\t\t<\/div>\n\t\t\t\t\t<\/div>\n\t\t<\/div>\n\t\t\t\t\t<\/div>\n\t\t<\/section>\n\t\t\t\t<section class=\"elementor-section elementor-top-section elementor-element elementor-element-d920fb2 elementor-section-boxed elementor-section-height-default elementor-section-height-default\" data-id=\"d920fb2\" data-element_type=\"section\" data-e-type=\"section\" data-settings=\"{&quot;shape_divider_bottom&quot;:&quot;waves&quot;,&quot;background_background&quot;:&quot;classic&quot;}\">\n\t\t\t\t\t<div class=\"elementor-shape elementor-shape-bottom\" aria-hidden=\"true\" data-negative=\"false\">\n\t\t\t<svg xmlns=\"http:\/\/www.w3.org\/2000\/svg\" viewbox=\"0 0 1000 100\" preserveaspectratio=\"none\">\n\t<path class=\"elementor-shape-fill\" d=\"M421.9,6.5c22.6-2.5,51.5,0.4,75.5,5.3c23.6,4.9,70.9,23.5,100.5,35.7c75.8,32.2,133.7,44.5,192.6,49.7\tc23.6,2.1,48.7,3.5,103.4-2.5c54.7-6,106.2-25.6,106.2-25.6V0H0v30.3c0,0,72,32.6,158.4,30.5c39.2-0.7,92.8-6.7,134-22.4\tc21.2-8.1,52.2-18.2,79.7-24.2C399.3,7.9,411.6,7.5,421.9,6.5z\"\/>\n<\/svg>\t\t<\/div>\n\t\t\t\t\t<div class=\"elementor-container elementor-column-gap-default\">\n\t\t\t\t\t<div class=\"elementor-column elementor-col-100 elementor-top-column elementor-element elementor-element-179f748\" data-id=\"179f748\" data-element_type=\"column\" data-e-type=\"column\">\n\t\t\t<div class=\"elementor-widget-wrap elementor-element-populated\">\n\t\t\t\t\t\t<section class=\"elementor-section elementor-inner-section elementor-element elementor-element-82df75e elementor-section-boxed elementor-section-height-default elementor-section-height-default\" data-id=\"82df75e\" data-element_type=\"section\" data-e-type=\"section\">\n\t\t\t\t\t\t<div class=\"elementor-container elementor-column-gap-default\">\n\t\t\t\t\t<div class=\"elementor-column elementor-col-50 elementor-inner-column elementor-element elementor-element-8ce3025\" data-id=\"8ce3025\" data-element_type=\"column\" data-e-type=\"column\">\n\t\t\t<div class=\"elementor-widget-wrap elementor-element-populated\">\n\t\t\t\t\t\t<div class=\"elementor-element elementor-element-1fa015f elementor-widget elementor-widget-heading\" data-id=\"1fa015f\" data-element_type=\"widget\" data-e-type=\"widget\" data-widget_type=\"heading.default\">\n\t\t\t\t<div class=\"elementor-widget-container\">\n\t\t\t\t\t<h2 class=\"elementor-heading-title elementor-size-default\">Where did EFT come from?<\/h2>\t\t\t\t<\/div>\n\t\t\t\t<\/div>\n\t\t\t\t<div class=\"elementor-element elementor-element-cfea367 elementor-widget elementor-widget-text-editor\" data-id=\"cfea367\" data-element_type=\"widget\" data-e-type=\"widget\" data-widget_type=\"text-editor.default\">\n\t\t\t\t<div class=\"elementor-widget-container\">\n\t\t\t\t\t\t\t\t\t<p>The origins of <span class=\"hiddenSpellError\">EFT Tapping<\/span> come from the discovery by the ancient Chinese, (5,000 years ago), of the theory of meridians, i.e. energy channels that flow through our bodies, and their mapping of how these subtle energies running through our bodies.<br \/><br \/>The EFT method <span class=\"hiddenSpellError\">EFT Tapping<\/span> was developed by Gary Craig in the 1990s based on his research on Roger Callahan's work in the <span class=\"hiddenSpellError\">in Thought Field<\/span> Therapy (<span class=\"hiddenGrammarError\">TFT i.e<\/span> the archetype <span class=\"hiddenSpellError\">EFT Tapping<\/span>). <span class=\"hiddenSpellError\">TFT<\/span> was one of the first methods in what is now called Energy Psychology. Once Craig realized the potential of this approach, he began working to refine and simplify the techniques while maintaining positive, measurable results: an evidence-based methodology. Ultimately, he developed a simple, but at the same time extensive set of techniques, which he made available to everyone on his website <span class=\"hiddenSpellError\">emofree<\/span>.com<br \/><br \/>Since the publication of Craig&#039;s website, <span class=\"hiddenSpellError\">EFT Tapping<\/span> it continues to be tested and refined by many individuals and groups, and publications in respected, peer-reviewed journals continue to support Craig&#039;s discoveries and techniques. Groups like <span class=\"hiddenSpellError\">EFT Tapping<\/span> International, <span class=\"hiddenSpellError\">EFT Tapping<\/span> <span class=\"hiddenSpellError\">Universe<\/span> and others have developed training and certification options <span class=\"hiddenSpellError\">EFT Tapping<\/span> for those interested in using this amazing tool.<br \/><br \/>Today&#039;s method <span class=\"hiddenSpellError\">EFT Tapping<\/span> is an easy-to-learn way to restore the body to a state of harmony.<\/p>\t\t\t\t\t\t\t\t<\/div>\n\t\t\t\t<\/div>\n\t\t\t\t\t<\/div>\n\t\t<\/div>\n\t\t\t\t<div class=\"elementor-column elementor-col-50 elementor-inner-column elementor-element elementor-element-d66c1b2\" data-id=\"d66c1b2\" data-element_type=\"column\" data-e-type=\"column\">\n\t\t\t<div class=\"elementor-widget-wrap elementor-element-populated\">\n\t\t\t\t\t\t<div class=\"elementor-element elementor-element-92d8631 elementor-widget elementor-widget-image\" data-id=\"92d8631\" data-element_type=\"widget\" data-e-type=\"widget\" data-widget_type=\"image.default\">\n\t\t\t\t<div class=\"elementor-widget-container\">\n\t\t\t\t\t\t\t\t\t\t\t\t\t\t\t<img fetchpriority=\"high\" decoding=\"async\" width=\"560\" height=\"560\" src=\"https:\/\/i0.wp.com\/www.katshakti.com\/wp-content\/uploads\/2021\/12\/GC.png?resize=560%2C560&amp;ssl=1\" class=\"attachment-poket-gallery-thumb size-poket-gallery-thumb wp-image-842\" alt=\"\" srcset=\"https:\/\/i0.wp.com\/www.katshakti.com\/wp-content\/uploads\/2021\/12\/GC.png?w=950&amp;ssl=1 950w, https:\/\/i0.wp.com\/www.katshakti.com\/wp-content\/uploads\/2021\/12\/GC.png?resize=300%2C300&amp;ssl=1 300w, https:\/\/i0.wp.com\/www.katshakti.com\/wp-content\/uploads\/2021\/12\/GC.png?resize=150%2C150&amp;ssl=1 150w, https:\/\/i0.wp.com\/www.katshakti.com\/wp-content\/uploads\/2021\/12\/GC.png?resize=768%2C768&amp;ssl=1 768w\" sizes=\"(max-width: 560px) 100vw, 560px\" \/>\t\t\t\t\t\t\t\t\t\t\t\t\t\t\t<\/div>\n\t\t\t\t<\/div>\n\t\t\t\t\t<\/div>\n\t\t<\/div>\n\t\t\t\t\t<\/div>\n\t\t<\/section>\n\t\t\t\t\t<\/div>\n\t\t<\/div>\n\t\t\t\t\t<\/div>\n\t\t<\/section>\n\t\t\t\t<\/div>","protected":false},"excerpt":{"rendered":"<p>Co to jest EFT Tapping ? EFT, czyli Tapping (z Ang. Emotional Freedom Techniques), jest mocarnym narz\u0119dziem samopomocy, kt\u00f3re polega na delikatnym opukiwaniu okre\u015blonych punkt\u00f3w akupunkturowych. Znamy te punkty dzi\u0119ki tradycyjnej medycynie chi\u0144skiej. S\u0105 to te same punkty, w kt\u00f3re wprowadzane s\u0105 ig\u0142y podczas akupunktury. EFT \u0142\u0105czy t\u0119 wiedz\u0119 ze wsp\u00f3\u0142czesn\u0105 psychologi\u0105, a zw\u0142aszcza terapi\u0105 [&hellip;]<\/p>\n","protected":false},"author":2,"featured_media":0,"parent":0,"menu_order":0,"comment_status":"closed","ping_status":"closed","template":"template-home.php","meta":{"_monsterinsights_skip_tracking":false,"_monsterinsights_sitenote_active":false,"_monsterinsights_sitenote_note":"","_monsterinsights_sitenote_category":0,"footnotes":""},"class_list":["post-583","page","type-page","status-publish","hentry"],"jetpack_sharing_enabled":true,"_links":{"self":[{"href":"https:\/\/www.katshakti.com\/en\/wp-json\/wp\/v2\/pages\/583","targetHints":{"allow":["GET"]}}],"collection":[{"href":"https:\/\/www.katshakti.com\/en\/wp-json\/wp\/v2\/pages"}],"about":[{"href":"https:\/\/www.katshakti.com\/en\/wp-json\/wp\/v2\/types\/page"}],"author":[{"embeddable":true,"href":"https:\/\/www.katshakti.com\/en\/wp-json\/wp\/v2\/users\/2"}],"replies":[{"embeddable":true,"href":"https:\/\/www.katshakti.com\/en\/wp-json\/wp\/v2\/comments?post=583"}],"version-history":[{"count":127,"href":"https:\/\/www.katshakti.com\/en\/wp-json\/wp\/v2\/pages\/583\/revisions"}],"predecessor-version":[{"id":13730,"href":"https:\/\/www.katshakti.com\/en\/wp-json\/wp\/v2\/pages\/583\/revisions\/13730"}],"wp:attachment":[{"href":"https:\/\/www.katshakti.com\/en\/wp-json\/wp\/v2\/media?parent=583"}],"curies":[{"name":"wp","href":"https:\/\/api.w.org\/{rel}","templated":true}]}}