{"id":788,"date":"2021-12-11T20:44:09","date_gmt":"2021-12-11T20:44:09","guid":{"rendered":"https:\/\/www.katshakti.com\/?page_id=788"},"modified":"2025-08-27T19:17:53","modified_gmt":"2025-08-27T19:17:53","slug":"indywidualne-sesje-z-eft","status":"publish","type":"page","link":"https:\/\/www.katshakti.com\/en\/indywidualne-sesje-z-eft\/","title":{"rendered":"Private sessions with me"},"content":{"rendered":"<div data-elementor-type=\"wp-page\" data-elementor-id=\"788\" class=\"elementor elementor-788\">\n\t\t\t\t\t\t<section class=\"elementor-section elementor-top-section elementor-element elementor-element-76bb96a elementor-section-boxed elementor-section-height-default elementor-section-height-default\" data-id=\"76bb96a\" data-element_type=\"section\" data-e-type=\"section\" data-settings=\"{&quot;background_background&quot;:&quot;classic&quot;,&quot;shape_divider_bottom&quot;:&quot;waves&quot;}\">\n\t\t\t\t\t<div class=\"elementor-shape elementor-shape-bottom\" aria-hidden=\"true\" data-negative=\"false\">\n\t\t\t<svg xmlns=\"http:\/\/www.w3.org\/2000\/svg\" viewbox=\"0 0 1000 100\" preserveaspectratio=\"none\">\n\t<path class=\"elementor-shape-fill\" d=\"M421.9,6.5c22.6-2.5,51.5,0.4,75.5,5.3c23.6,4.9,70.9,23.5,100.5,35.7c75.8,32.2,133.7,44.5,192.6,49.7\tc23.6,2.1,48.7,3.5,103.4-2.5c54.7-6,106.2-25.6,106.2-25.6V0H0v30.3c0,0,72,32.6,158.4,30.5c39.2-0.7,92.8-6.7,134-22.4\tc21.2-8.1,52.2-18.2,79.7-24.2C399.3,7.9,411.6,7.5,421.9,6.5z\"\/>\n<\/svg>\t\t<\/div>\n\t\t\t\t\t<div class=\"elementor-container elementor-column-gap-default\">\n\t\t\t\t\t<div class=\"elementor-column elementor-col-100 elementor-top-column elementor-element elementor-element-260d4cc\" data-id=\"260d4cc\" data-element_type=\"column\" data-e-type=\"column\">\n\t\t\t<div class=\"elementor-widget-wrap elementor-element-populated\">\n\t\t\t\t\t\t<div class=\"elementor-element elementor-element-7f1c025 elementor-widget elementor-widget-witr_banner_slider\" data-id=\"7f1c025\" data-element_type=\"widget\" data-e-type=\"widget\" data-widget_type=\"witr_banner_slider.default\">\n\t\t\t\t<div class=\"elementor-widget-container\">\n\t\t\t\t\t\n\t\t<div class=\"witr_banner_area witr_banner_height\">\n\t\t\n\t\t\t<div class=\"witr_banner_content text-center\">\n\t\t\t\t<!-- title 1 -->\n\t\t\t\t\t\t\t\t<!-- title 2 -->\n\t\t\t\t\t\t\t\t<!-- title 3 -->\n\t\t\t\t\t\t\t\t<!-- pragraph -->\n\t\t\t\t\t\t\t\t<!-- button -->\n\t\t\t\t\t\t\t\t\n\t\t\t\t<!-- video button -->\n\t\t\t\t\t\t\t\t\n\t\t\t\t\n\t\t\t\t\t\n\n\t\t\t\t\n\t\t\t\t<!-- social -->\n\t\t\t\t<ul class=\"witr_ico2\">\n\t\t\t\t\t\t\t\t\t\t\t\t\t\t\t\t\t\t\t\t\t\t\t\t\t\t\t\t\t\t\t\t\t\t\t\t\t\t\t\t\t\t\t\t\t\t\t\t\t\t\t\t\t\t<\/ul>\t\t\t\t\n\t\t\t<\/div> <!-- banner content -->\t\t\t\n\t\t<\/div>\n\t\t\n\t\t\n\t\t\t\t\t\t<\/div>\n\t\t\t\t<\/div>\n\t\t\t\t\t<\/div>\n\t\t<\/div>\n\t\t\t\t\t<\/div>\n\t\t<\/section>\n\t\t\t\t<section class=\"elementor-section elementor-top-section elementor-element elementor-element-5e647ffb elementor-section-boxed elementor-section-height-default elementor-section-height-default\" data-id=\"5e647ffb\" data-element_type=\"section\" data-e-type=\"section\" data-settings=\"{&quot;background_background&quot;:&quot;classic&quot;}\">\n\t\t\t\t\t\t<div class=\"elementor-container elementor-column-gap-default\">\n\t\t\t\t\t<div class=\"elementor-column elementor-col-100 elementor-top-column elementor-element elementor-element-2460fe3c\" data-id=\"2460fe3c\" data-element_type=\"column\" data-e-type=\"column\">\n\t\t\t<div class=\"elementor-widget-wrap elementor-element-populated\">\n\t\t\t\t\t\t<section class=\"elementor-section elementor-inner-section elementor-element elementor-element-bd64743 elementor-section-boxed elementor-section-height-default elementor-section-height-default\" data-id=\"bd64743\" data-element_type=\"section\" data-e-type=\"section\">\n\t\t\t\t\t\t<div class=\"elementor-container elementor-column-gap-default\">\n\t\t\t\t\t<div class=\"elementor-column elementor-col-50 elementor-inner-column elementor-element elementor-element-0ba5a7b\" data-id=\"0ba5a7b\" data-element_type=\"column\" data-e-type=\"column\">\n\t\t\t<div class=\"elementor-widget-wrap elementor-element-populated\">\n\t\t\t\t\t\t<div class=\"elementor-element elementor-element-b2caf1a elementor-widget elementor-widget-image\" data-id=\"b2caf1a\" data-element_type=\"widget\" data-e-type=\"widget\" data-widget_type=\"image.default\">\n\t\t\t\t<div class=\"elementor-widget-container\">\n\t\t\t\t\t\t\t\t\t\t\t\t\t\t\t<img fetchpriority=\"high\" decoding=\"async\" width=\"560\" height=\"560\" src=\"https:\/\/i0.wp.com\/www.katshakti.com\/wp-content\/uploads\/2021\/12\/eft5.png?resize=560%2C560&amp;ssl=1\" class=\"attachment-poket-gallery-thumb size-poket-gallery-thumb wp-image-851\" alt=\"\" srcset=\"https:\/\/i0.wp.com\/www.katshakti.com\/wp-content\/uploads\/2021\/12\/eft5.png?w=850&amp;ssl=1 850w, https:\/\/i0.wp.com\/www.katshakti.com\/wp-content\/uploads\/2021\/12\/eft5.png?resize=300%2C300&amp;ssl=1 300w, https:\/\/i0.wp.com\/www.katshakti.com\/wp-content\/uploads\/2021\/12\/eft5.png?resize=150%2C150&amp;ssl=1 150w, https:\/\/i0.wp.com\/www.katshakti.com\/wp-content\/uploads\/2021\/12\/eft5.png?resize=768%2C768&amp;ssl=1 768w\" sizes=\"(max-width: 560px) 100vw, 560px\" \/>\t\t\t\t\t\t\t\t\t\t\t\t\t\t\t<\/div>\n\t\t\t\t<\/div>\n\t\t\t\t\t<\/div>\n\t\t<\/div>\n\t\t\t\t<div class=\"elementor-column elementor-col-50 elementor-inner-column elementor-element elementor-element-25aa872\" data-id=\"25aa872\" data-element_type=\"column\" data-e-type=\"column\">\n\t\t\t<div class=\"elementor-widget-wrap elementor-element-populated\">\n\t\t\t\t\t\t<div class=\"elementor-element elementor-element-3b6e2b8 elementor-widget elementor-widget-heading\" data-id=\"3b6e2b8\" data-element_type=\"widget\" data-e-type=\"widget\" data-widget_type=\"heading.default\">\n\t\t\t\t<div class=\"elementor-widget-container\">\n\t\t\t\t\t<h2 class=\"elementor-heading-title elementor-size-default\">Private sessions with me<\/h2>\t\t\t\t<\/div>\n\t\t\t\t<\/div>\n\t\t\t\t<div class=\"elementor-element elementor-element-5a08ada elementor-widget elementor-widget-text-editor\" data-id=\"5a08ada\" data-element_type=\"widget\" data-e-type=\"widget\" data-widget_type=\"text-editor.default\">\n\t\t\t\t<div class=\"elementor-widget-container\">\n\t\t\t\t\t\t\t\t\t<p>Podczas indywidualnych sesji online skupiamy si\u0119 na problemie, z kt\u00f3rym sobie nie radzisz i chcesz uwolni\u0107.<\/p><p>Przed nasz\u0105 pierwsz\u0105 sesj\u0105 otrzymasz formularz do wype\u0142nienia kt\u00f3ry pomo\u017ce mi lepiej zapozna\u0107 si\u0119 z Twoim problemem. W trakcie pierwszej sesji om\u00f3wimy Tw\u00f3j problem i oczekiwania wzgl\u0119dem naszej wsp\u00f3\u0142pracy.<\/p><p>Pos\u0142uguj\u0105c si\u0119 moj\u0105 wiedz\u0105 oraz intuicj\u0105, b\u0119d\u0119 zadawa\u0107 Ci r\u00f3\u017cne pytania, \u017ceby pom\u00f3c Ci eksplorowa\u0107 \u017ar\u00f3d\u0142a Twojego problemu, a nast\u0119pnie przy pomocy <span class=\"hiddenSpellError\">EFT Tapping<\/span> b\u0119dziemy dalej szuka\u0107 kolejnych aspekt\u00f3w, a jednocze\u015bnie uwalnia\u0107 negatywne emocje zwi\u0105zane z problemem. Dzi\u0119ki temu balansujemy system energetyczny, co prowadzi do tego, \u017ce nasz uk\u0142ad nerwowy czuje si\u0119 bezpiecznie, co sprawia, \u017ce my czujemy si\u0119 spokojniej.<\/p><p>During private sessions, I primarily use the clinical <span class=\"hiddenSpellError\">EFT Tapping<\/span> and <span class=\"hiddenSpellError\">Matrix Reimprinting Methods<\/span>. I also incorporate other tools into the sessions.<\/p><p>Zazwyczaj na ko\u0144cu sesji b\u0119dziesz czu\u0107 si\u0119 spokojniej i mie\u0107 wi\u0119kszy dystans do problemu. Zaczniesz te\u017c zauwa\u017ca\u0107 zmiany w \u017cyciu, czasami bardzo subtelne a innym razem totalnie szokuj\u0105ce. Naucz\u0119 Ci\u0119 jak stosowa\u0107 <span class=\"hiddenSpellError\">EFT Tapping<\/span>, to continue using on your own and apply it for yourself in crisis situations.<\/p>\t\t\t\t\t\t\t\t<\/div>\n\t\t\t\t<\/div>\n\t\t\t\t\t<\/div>\n\t\t<\/div>\n\t\t\t\t\t<\/div>\n\t\t<\/section>\n\t\t\t\t\t<\/div>\n\t\t<\/div>\n\t\t\t\t\t<\/div>\n\t\t<\/section>\n\t\t\t\t<section class=\"elementor-section elementor-top-section elementor-element elementor-element-7c43b579 elementor-section-boxed elementor-section-height-default elementor-section-height-default\" data-id=\"7c43b579\" data-element_type=\"section\" data-e-type=\"section\" data-settings=\"{&quot;background_background&quot;:&quot;classic&quot;}\">\n\t\t\t\t\t\t<div class=\"elementor-container elementor-column-gap-default\">\n\t\t\t\t\t<div class=\"elementor-column elementor-col-100 elementor-top-column elementor-element elementor-element-3c9ee9b1\" data-id=\"3c9ee9b1\" data-element_type=\"column\" data-e-type=\"column\">\n\t\t\t<div class=\"elementor-widget-wrap elementor-element-populated\">\n\t\t\t\t\t\t<section class=\"elementor-section elementor-inner-section elementor-element elementor-element-5b48d65 elementor-section-boxed elementor-section-height-default elementor-section-height-default\" data-id=\"5b48d65\" data-element_type=\"section\" data-e-type=\"section\">\n\t\t\t\t\t\t<div class=\"elementor-container elementor-column-gap-default\">\n\t\t\t\t\t<div class=\"elementor-column elementor-col-50 elementor-inner-column elementor-element elementor-element-293fb3e3\" data-id=\"293fb3e3\" data-element_type=\"column\" data-e-type=\"column\">\n\t\t\t<div class=\"elementor-widget-wrap elementor-element-populated\">\n\t\t\t\t\t\t<div class=\"elementor-element elementor-element-793f7b29 elementor-widget elementor-widget-heading\" data-id=\"793f7b29\" data-element_type=\"widget\" data-e-type=\"widget\" data-widget_type=\"heading.default\">\n\t\t\t\t<div class=\"elementor-widget-container\">\n\t\t\t\t\t<h2 class=\"elementor-heading-title elementor-size-default\">Why it&#039;s worth working <\/br>with an EFT trainer privately<\/h2>\t\t\t\t<\/div>\n\t\t\t\t<\/div>\n\t\t\t\t<div class=\"elementor-element elementor-element-6e66a27f elementor-widget elementor-widget-text-editor\" data-id=\"6e66a27f\" data-element_type=\"widget\" data-e-type=\"widget\" data-widget_type=\"text-editor.default\">\n\t\t\t\t<div class=\"elementor-widget-container\">\n\t\t\t\t\t\t\t\t\t<p>When working with me, you won't be able to hideaway from the problem. During the session, when you start to feel discomfort, I will keep leading you by the hand (of course, not by force) and I will support you at every step. I understand the journey, having done the work myself. In many sessions of my own there were times I wanted to give up. To put it mildly, is not always pleasant, releasing everything you are holding on to.<\/p><p>The presence of a trainer helps a lot because they are an outsider. Someone who is not emotionally involved in your problems. Therefore better able to notice and show you patterns and behaviours, holding up the mirror to that which you do not see.<\/p><p>An experienced trainer can create a safe space for you, full of acceptance and understanding. In which you can really open up safely, and feel better after sharing your problem with someone.<\/p><p>These are just a few of the advantages of working personally with your own <span class=\"hiddenSpellError\">EFT Tapping<\/span>. If you have the resources for it, I encourage you to invest in yourself. With joy and full acceptance, I will help you take responsibility for your own well-being.<\/p><p>Je\u015bli jednak p\u0142atne sesje nie znajd\u0105 miejsca w Twoim bud\u017cecie, to zapraszam na <a href=\"https:\/\/www.youtube.com\/@KatShakti\">YouTube<\/a>, gdzie jest ju\u017c ponad 250 nagra\u0144 <span class=\"hiddenSpellError\">EFT Tapping<\/span> na przer\u00f3\u017cne trudne emocje i przekonania, albo na <a href=\"https:\/\/patronite.pl\/katshakti\">PATRONITE<\/a> gdzie za 22 z\u0142 miesi\u0119cznie mo\u017cesz opuka\u0107 sw\u00f3j problem ze mn\u0105 na ZOOM raz w miesi\u0105cu.<\/p>\t\t\t\t\t\t\t\t<\/div>\n\t\t\t\t<\/div>\n\t\t\t\t\t<\/div>\n\t\t<\/div>\n\t\t\t\t<div class=\"elementor-column elementor-col-50 elementor-inner-column elementor-element elementor-element-800b8ec\" data-id=\"800b8ec\" data-element_type=\"column\" data-e-type=\"column\">\n\t\t\t<div class=\"elementor-widget-wrap elementor-element-populated\">\n\t\t\t\t\t\t<div class=\"elementor-element elementor-element-7eb9eabc elementor-widget elementor-widget-image\" data-id=\"7eb9eabc\" data-element_type=\"widget\" data-e-type=\"widget\" data-widget_type=\"image.default\">\n\t\t\t\t<div class=\"elementor-widget-container\">\n\t\t\t\t\t\t\t\t\t\t\t\t\t\t\t<img decoding=\"async\" width=\"560\" height=\"560\" src=\"https:\/\/i0.wp.com\/www.katshakti.com\/wp-content\/uploads\/2022\/02\/eft4a.png?resize=560%2C560&amp;ssl=1\" class=\"attachment-poket-gallery-thumb size-poket-gallery-thumb wp-image-12580\" alt=\"\" srcset=\"https:\/\/i0.wp.com\/www.katshakti.com\/wp-content\/uploads\/2022\/02\/eft4a.png?w=950&amp;ssl=1 950w, https:\/\/i0.wp.com\/www.katshakti.com\/wp-content\/uploads\/2022\/02\/eft4a.png?resize=600%2C600&amp;ssl=1 600w, https:\/\/i0.wp.com\/www.katshakti.com\/wp-content\/uploads\/2022\/02\/eft4a.png?resize=550%2C550&amp;ssl=1 550w, https:\/\/i0.wp.com\/www.katshakti.com\/wp-content\/uploads\/2022\/02\/eft4a.png?resize=768%2C768&amp;ssl=1 768w, https:\/\/i0.wp.com\/www.katshakti.com\/wp-content\/uploads\/2022\/02\/eft4a.png?resize=450%2C450&amp;ssl=1 450w, https:\/\/i0.wp.com\/www.katshakti.com\/wp-content\/uploads\/2022\/02\/eft4a.png?resize=106%2C106&amp;ssl=1 106w, https:\/\/i0.wp.com\/www.katshakti.com\/wp-content\/uploads\/2022\/02\/eft4a.png?resize=560%2C560&amp;ssl=1 560w, https:\/\/i0.wp.com\/www.katshakti.com\/wp-content\/uploads\/2022\/02\/eft4a.png?resize=70%2C70&amp;ssl=1 70w, https:\/\/i0.wp.com\/www.katshakti.com\/wp-content\/uploads\/2022\/02\/eft4a.png?resize=300%2C300&amp;ssl=1 300w, https:\/\/i0.wp.com\/www.katshakti.com\/wp-content\/uploads\/2022\/02\/eft4a.png?resize=100%2C100&amp;ssl=1 100w\" sizes=\"(max-width: 560px) 100vw, 560px\" \/>\t\t\t\t\t\t\t\t\t\t\t\t\t\t\t<\/div>\n\t\t\t\t<\/div>\n\t\t\t\t\t<\/div>\n\t\t<\/div>\n\t\t\t\t\t<\/div>\n\t\t<\/section>\n\t\t\t\t\t<\/div>\n\t\t<\/div>\n\t\t\t\t\t<\/div>\n\t\t<\/section>\n\t\t\t\t<section class=\"elementor-section elementor-top-section elementor-element elementor-element-040d8eb elementor-section-boxed elementor-section-height-default elementor-section-height-default\" data-id=\"040d8eb\" data-element_type=\"section\" data-e-type=\"section\" data-settings=\"{&quot;shape_divider_bottom&quot;:&quot;waves&quot;,&quot;background_background&quot;:&quot;classic&quot;}\">\n\t\t\t\t\t<div class=\"elementor-shape elementor-shape-bottom\" aria-hidden=\"true\" data-negative=\"false\">\n\t\t\t<svg xmlns=\"http:\/\/www.w3.org\/2000\/svg\" viewbox=\"0 0 1000 100\" preserveaspectratio=\"none\">\n\t<path class=\"elementor-shape-fill\" d=\"M421.9,6.5c22.6-2.5,51.5,0.4,75.5,5.3c23.6,4.9,70.9,23.5,100.5,35.7c75.8,32.2,133.7,44.5,192.6,49.7\tc23.6,2.1,48.7,3.5,103.4-2.5c54.7-6,106.2-25.6,106.2-25.6V0H0v30.3c0,0,72,32.6,158.4,30.5c39.2-0.7,92.8-6.7,134-22.4\tc21.2-8.1,52.2-18.2,79.7-24.2C399.3,7.9,411.6,7.5,421.9,6.5z\"\/>\n<\/svg>\t\t<\/div>\n\t\t\t\t\t<div class=\"elementor-container elementor-column-gap-default\">\n\t\t\t\t\t<div class=\"elementor-column elementor-col-100 elementor-top-column elementor-element elementor-element-a24283e\" data-id=\"a24283e\" data-element_type=\"column\" data-e-type=\"column\">\n\t\t\t<div class=\"elementor-widget-wrap elementor-element-populated\">\n\t\t\t\t\t\t<section class=\"elementor-section elementor-inner-section elementor-element elementor-element-82d73e4 elementor-section-boxed elementor-section-height-default elementor-section-height-default\" data-id=\"82d73e4\" data-element_type=\"section\" data-e-type=\"section\">\n\t\t\t\t\t\t<div class=\"elementor-container elementor-column-gap-default\">\n\t\t\t\t\t<div class=\"elementor-column elementor-col-50 elementor-inner-column elementor-element elementor-element-49d9872\" data-id=\"49d9872\" data-element_type=\"column\" data-e-type=\"column\">\n\t\t\t<div class=\"elementor-widget-wrap elementor-element-populated\">\n\t\t\t\t\t\t<div class=\"elementor-element elementor-element-c293e3c elementor-widget elementor-widget-image\" data-id=\"c293e3c\" data-element_type=\"widget\" data-e-type=\"widget\" data-widget_type=\"image.default\">\n\t\t\t\t<div class=\"elementor-widget-container\">\n\t\t\t\t\t\t\t\t\t\t\t\t\t\t\t<img decoding=\"async\" width=\"560\" height=\"560\" src=\"https:\/\/i0.wp.com\/www.katshakti.com\/wp-content\/uploads\/2021\/12\/eft1.png?resize=560%2C560&amp;ssl=1\" class=\"attachment-poket-gallery-thumb size-poket-gallery-thumb wp-image-839\" alt=\"\" srcset=\"https:\/\/i0.wp.com\/www.katshakti.com\/wp-content\/uploads\/2021\/12\/eft1.png?w=950&amp;ssl=1 950w, https:\/\/i0.wp.com\/www.katshakti.com\/wp-content\/uploads\/2021\/12\/eft1.png?resize=300%2C300&amp;ssl=1 300w, https:\/\/i0.wp.com\/www.katshakti.com\/wp-content\/uploads\/2021\/12\/eft1.png?resize=150%2C150&amp;ssl=1 150w, https:\/\/i0.wp.com\/www.katshakti.com\/wp-content\/uploads\/2021\/12\/eft1.png?resize=768%2C768&amp;ssl=1 768w\" sizes=\"(max-width: 560px) 100vw, 560px\" \/>\t\t\t\t\t\t\t\t\t\t\t\t\t\t\t<\/div>\n\t\t\t\t<\/div>\n\t\t\t\t\t<\/div>\n\t\t<\/div>\n\t\t\t\t<div class=\"elementor-column elementor-col-50 elementor-inner-column elementor-element elementor-element-7a054cb\" data-id=\"7a054cb\" data-element_type=\"column\" data-e-type=\"column\">\n\t\t\t<div class=\"elementor-widget-wrap elementor-element-populated\">\n\t\t\t\t\t\t<div class=\"elementor-element elementor-element-b3e8049 elementor-widget elementor-widget-heading\" data-id=\"b3e8049\" data-element_type=\"widget\" data-e-type=\"widget\" data-widget_type=\"heading.default\">\n\t\t\t\t<div class=\"elementor-widget-container\">\n\t\t\t\t\t<h2 class=\"elementor-heading-title elementor-size-default\">What&#039;s next?<\/h2>\t\t\t\t<\/div>\n\t\t\t\t<\/div>\n\t\t\t\t<div class=\"elementor-element elementor-element-6acaf94 elementor-widget elementor-widget-text-editor\" data-id=\"6acaf94\" data-element_type=\"widget\" data-e-type=\"widget\" data-widget_type=\"text-editor.default\">\n\t\t\t\t<div class=\"elementor-widget-container\">\n\t\t\t\t\t\t\t\t\t<p><span class=\"f7rl1if4 adechonz f6oz4yja dahkl6ri axrg9lpx rufpak1n qtovjlwq qbmienfq rfyhaz4c rdmi1yqr ohrdq8us nswx41af fawcizw8 l1aqi3e3 sdu1flz4\">Pierwszym krokiem jest <a href=\"https:\/\/www.katshakti.com\/en\/contact\/\">skontaktowanie<\/a> si\u0119 ze mn\u0105 i skorzystanie z 20-minutowej bezp\u0142atnej konsultacji video, kt\u00f3ra pozwoli Ci przedyskutowa\u0107 ze mn\u0105, to nad czym chcesz pracowa\u0107 i co chcesz zmieni\u0107 oraz zada\u0107 wszelkie pytania. <\/span><\/p><p><span class=\"f7rl1if4 adechonz f6oz4yja dahkl6ri axrg9lpx rufpak1n qtovjlwq qbmienfq rfyhaz4c rdmi1yqr ohrdq8us nswx41af fawcizw8 l1aqi3e3 sdu1flz4\">This is a great opportunity for me to assess and advise on how I can help you overcome your challenges and heal negative beliefs. <\/span><\/p><p><span class=\"f7rl1if4 adechonz f6oz4yja dahkl6ri axrg9lpx rufpak1n qtovjlwq qbmienfq rfyhaz4c rdmi1yqr ohrdq8us nswx41af fawcizw8 l1aqi3e3 sdu1flz4\">The first full consultation (online) usually lasts an hour and a half, with subsequent consultations after an hour. The first consultation will involve gathering information about the changes you wish to make and assessing your personal requirements. <\/span><\/p><p><span class=\"f7rl1if4 adechonz f6oz4yja dahkl6ri axrg9lpx rufpak1n qtovjlwq qbmienfq rfyhaz4c rdmi1yqr ohrdq8us nswx41af fawcizw8 l1aqi3e3 sdu1flz4\">Of course, we will also tap together, but at our first meeting we have an extra 30 minutes to talk. You'll also learn techniques you can use between consultations to support yourself on your own.<\/span><\/p>\t\t\t\t\t\t\t\t<\/div>\n\t\t\t\t<\/div>\n\t\t\t\t\t<\/div>\n\t\t<\/div>\n\t\t\t\t\t<\/div>\n\t\t<\/section>\n\t\t\t\t\t<\/div>\n\t\t<\/div>\n\t\t\t\t\t<\/div>\n\t\t<\/section>\n\t\t\t\t<\/div>","protected":false},"excerpt":{"rendered":"<p>Indywidualne sesje z EFT Podczas indywidualnych sesji online skupiamy si\u0119 na problemie, z kt\u00f3rym sobie nie radzisz i chcesz uwolni\u0107. Przed nasz\u0105 pierwsz\u0105 sesj\u0105 otrzymasz formularz do wype\u0142nienia kt\u00f3ry pomo\u017ce mi lepiej zapozna\u0107 si\u0119 z Twoim problemem. W trakcie pierwszej sesji om\u00f3wimy Tw\u00f3j problem i oczekiwania wzgl\u0119dem naszej wsp\u00f3\u0142pracy. Pos\u0142uguj\u0105c si\u0119 moj\u0105 wiedz\u0105 oraz intuicj\u0105, [&hellip;]<\/p>\n","protected":false},"author":2,"featured_media":0,"parent":0,"menu_order":0,"comment_status":"closed","ping_status":"closed","template":"template-home.php","meta":{"_monsterinsights_skip_tracking":false,"_monsterinsights_sitenote_active":false,"_monsterinsights_sitenote_note":"","_monsterinsights_sitenote_category":0,"footnotes":""},"class_list":["post-788","page","type-page","status-publish","hentry"],"jetpack_sharing_enabled":true,"_links":{"self":[{"href":"https:\/\/www.katshakti.com\/en\/wp-json\/wp\/v2\/pages\/788","targetHints":{"allow":["GET"]}}],"collection":[{"href":"https:\/\/www.katshakti.com\/en\/wp-json\/wp\/v2\/pages"}],"about":[{"href":"https:\/\/www.katshakti.com\/en\/wp-json\/wp\/v2\/types\/page"}],"author":[{"embeddable":true,"href":"https:\/\/www.katshakti.com\/en\/wp-json\/wp\/v2\/users\/2"}],"replies":[{"embeddable":true,"href":"https:\/\/www.katshakti.com\/en\/wp-json\/wp\/v2\/comments?post=788"}],"version-history":[{"count":103,"href":"https:\/\/www.katshakti.com\/en\/wp-json\/wp\/v2\/pages\/788\/revisions"}],"predecessor-version":[{"id":13727,"href":"https:\/\/www.katshakti.com\/en\/wp-json\/wp\/v2\/pages\/788\/revisions\/13727"}],"wp:attachment":[{"href":"https:\/\/www.katshakti.com\/en\/wp-json\/wp\/v2\/media?parent=788"}],"curies":[{"name":"wp","href":"https:\/\/api.w.org\/{rel}","templated":true}]}}