{"id":11297,"date":"2021-02-02T11:44:55","date_gmt":"2021-02-02T11:44:55","guid":{"rendered":"http:\/\/localhost\/itsolution\/?post_type=product&#038;p=11297"},"modified":"2025-02-15T12:56:31","modified_gmt":"2025-02-15T12:56:31","slug":"eft-1","status":"publish","type":"product","link":"https:\/\/www.katshakti.com\/en\/product\/eft-1\/","title":{"rendered":"EFT 1 session"},"content":{"rendered":"<p><strong>Je\u015bli masz w\u0105tpliwo\u015bci czy jestem odpowiednim trenerem dla Ciebie, kt\u00f3ry pakiet sesji wybra\u0107 lub masz jakiekolwiek inne pytania dotycz\u0105ce spotka\u0144 ze mn\u0105, mo\u017cemy si\u0119 najpierw um\u00f3wi\u0107 na 20-minutow\u0105 darmow\u0105 konsultacj\u0119 na WhatsApp. Zapraszam do zak\u0142adki KONTAKT lub wy\u015blij mi maila na <span class=\"hiddenGrammarError\">iamkatshakti@gmail.com<\/span><\/strong><\/p>\n<p><strong>Pojedy\u0144cza sesja trwa 60 minut, ale je\u015bli dopiero zaczynasz prac\u0119 ze mn\u0105, to nasze pierwsze spotkanie potrwa oko\u0142o 90 min (ka\u017cde nast\u0119pne 60 minut), jest to dodatkowy czas na rozmow\u0119, \u017cebym mog\u0142a lepiej zrozumie\u0107 Twoj\u0105 histori\u0119 i problem\/y, z kt\u00f3rymi do mnie przychodzisz. Om\u00f3wimy Twoje cele dotycz\u0105ce sesji, jak i r\u00f3wnie\u017c wszystkie formalno\u015bci i zasady.<\/strong><\/p>\n<p><strong>Sesje <span class=\"hiddenSpellError\">EFT Tapping<\/span> mog\u0105 odbywa\u0107 si\u0119 w poniedzia\u0142ki i wtorki, pomi\u0119dzy 12:00 a 20:00, oraz w pi\u0105tki pomi\u0119dzy 14:00 a 17:00 czasu PL.<\/strong><\/p>\n<p><strong>Spotkania odbywaj\u0105 si\u0119 przy pomocy komunikatora ZOOM (Otrzymasz wideo jak z niego korzysta\u0107 na telefonie i komputerze).<\/strong><\/p>\n<p><strong>Po zakupieniu sesji otrzymasz ode mnie maila w przeci\u0105gu 2 dni z wszystkimi wa\u017cnymi informacjami i formularzami oraz dost\u0119pnymi terminami.<\/strong><\/p>\n<p><strong>Zach\u0119cam do wykupupienia pakietu, wtedy sesje wychodz\u0105 taniej.<\/strong><\/p>\n<p><strong>Dzi\u0119kuj\u0119 Ci za Twoje zaufanie i z niecierpliwo\u015bci\u0105 czekam, by Ci\u0119 pozna\u0107 i wesprze\u0107 Ci\u0119 w braniu odpowiedzialno\u015bci za swoje w\u0142asne dobre samopoczucie!<\/strong><\/p>\n<p>&nbsp;<\/p>","protected":false},"excerpt":{"rendered":"<p>Je\u015bli masz w\u0105tpliwo\u015bci czy jestem odpowiednim trenerem dla Ciebie, kt\u00f3ry pakiet sesji wybra\u0107 lub masz jakiekolwiek inne pytania dotycz\u0105ce spotka\u0144 ze mn\u0105, mo\u017cemy si\u0119 najpierw um\u00f3wi\u0107 na 20-minutow\u0105 darmow\u0105 konsultacj\u0119 na WhatsApp. Zapraszam do zak\u0142adki KONTAKT lub wy\u015blij mi maila na iamkatshakti@gmail.com Pojedy\u0144cza sesja trwa 60 minut, ale je\u015bli dopiero zaczynasz prac\u0119 ze mn\u0105, to [&hellip;]<\/p>\n","protected":false},"featured_media":13204,"comment_status":"open","ping_status":"closed","template":"","meta":{"_monsterinsights_skip_tracking":false,"_monsterinsights_sitenote_active":false,"_monsterinsights_sitenote_note":"","_monsterinsights_sitenote_category":0,"jetpack_publicize_message":"","jetpack_publicize_feature_enabled":true,"jetpack_social_post_already_shared":false,"jetpack_social_options":{"image_generator_settings":{"template":"highway","default_image_id":0,"font":"","enabled":false},"version":2}},"product_brand":[],"product_cat":[67],"product_tag":[],"class_list":{"0":"post-11297","1":"product","2":"type-product","3":"status-publish","4":"has-post-thumbnail","6":"product_cat-eft","8":"first","9":"instock","10":"virtual","11":"purchasable","12":"product-type-simple"},"jetpack_publicize_connections":[],"jetpack_sharing_enabled":true,"_links":{"self":[{"href":"https:\/\/www.katshakti.com\/en\/wp-json\/wp\/v2\/product\/11297","targetHints":{"allow":["GET"]}}],"collection":[{"href":"https:\/\/www.katshakti.com\/en\/wp-json\/wp\/v2\/product"}],"about":[{"href":"https:\/\/www.katshakti.com\/en\/wp-json\/wp\/v2\/types\/product"}],"replies":[{"embeddable":true,"href":"https:\/\/www.katshakti.com\/en\/wp-json\/wp\/v2\/comments?post=11297"}],"wp:featuredmedia":[{"embeddable":true,"href":"https:\/\/www.katshakti.com\/en\/wp-json\/wp\/v2\/media\/13204"}],"wp:attachment":[{"href":"https:\/\/www.katshakti.com\/en\/wp-json\/wp\/v2\/media?parent=11297"}],"wp:term":[{"taxonomy":"product_brand","embeddable":true,"href":"https:\/\/www.katshakti.com\/en\/wp-json\/wp\/v2\/product_brand?post=11297"},{"taxonomy":"product_cat","embeddable":true,"href":"https:\/\/www.katshakti.com\/en\/wp-json\/wp\/v2\/product_cat?post=11297"},{"taxonomy":"product_tag","embeddable":true,"href":"https:\/\/www.katshakti.com\/en\/wp-json\/wp\/v2\/product_tag?post=11297"}],"curies":[{"name":"wp","href":"https:\/\/api.w.org\/{rel}","templated":true}]}}