{"id":13631,"date":"2024-12-17T16:24:46","date_gmt":"2024-12-17T16:24:46","guid":{"rendered":"https:\/\/www.katshakti.com\/?post_type=product&#038;p=13631"},"modified":"2025-02-19T12:19:33","modified_gmt":"2025-02-19T12:19:33","slug":"taniepodsumowanie","status":"publish","type":"product","link":"https:\/\/www.katshakti.com\/en\/product\/taniepodsumowanie\/","title":{"rendered":"Nowy Pocz\u0105tek NI\u017bSZA CENA"},"content":{"rendered":"<div data-pm-slice=\"1 1 []\" data-en-clipboard=\"true\">\ud83c\udf89 <b>Zako\u0144cz 2024 z EFT razem ze mn\u0105\ud83c\udf1f<\/b> \ud83c\udf89<\/div>\n<div>Kochany cz\u0142owieku! Pragn\u0119 zaprosi\u0107 Ciebie na wyj\u0105tkowe spotkanie: Przedsylwestrowe Podsumowanie roku na Zoom! To wydarzenie jest dla Ciebie je\u017celi niekoniecznie kochasz ca\u0142\u0105 szopk\u0119 wok\u00f3l Sylwestra i nowego roku. Je\u015bli czujesz frustracj\u0119 obserwuj\u0105c ci\u0105g\u0142e podsumowania innych na mediach spo\u0142eczno\u015bciowych, bo nie uda\u0142o Ci si\u0119 osi\u0105gn\u0105\u0107 wielu rzeczy kt\u00f3re zamierzy\u0142a\u015b na ten rok, a jednocze\u015bnie pragniesz pozytywnych zmian w 2025 bez ci\u015bnienia na postanowienia noworoczne &#8211; to czytaj dalej!<\/div>\n<div>Od 7 lat w Sylwestra robie sobie takie podsumowanie z opukiwaniem (nie jestem typem imprezowym hehe), i co roku bardzo wiele mi to daje, i z roku na rok osi\u0105gam coraz wi\u0119cej swoich cel\u00f3w.<\/div>\n<div>W tamtym roku poczu\u0142am, \u017ce bardzo chcia\u0142abym sie z wami podzieli\u0107 tym procesem i sp\u0119dzi\u0142y\u015bmy naprawd\u0119 pi\u0119kny wiecz\u00f3r w gronie 20 paru kobiet, no wi\u0119c powtarzam!\ud83d\ude42<\/div>\n<div>Ale w zwi\u0105zku z tym, \u017ce niekt\u00f3re z was pewnie imprezuj\u0105, to spotykamy si\u0119 30tego\ud83d\ude42 Spotkanie b\u0119dzie nagrane i b\u0119dziesz mia\u0142a dost\u0119p do nagrania do ko\u0144ca Stycznia.<\/div>\n<div><\/div>\n<div><b>\ud83c\udf1f Co b\u0119dziemy robi\u0107?<\/b><\/div>\n<div>Ten warsztat to bezpieczne, kameralne spotkanie\u00a0 z sam\u0105 sob\u0105 i innymi kobietami kt\u00f3re pragn\u0105 pozytywnych zmian.<\/div>\n<div>Razem przejdziemy przez wydarzenia minionego roku, przy pomocy moich niezawodnych pyta\u0144 kt\u00f3re s\u0105 ze mn\u0105 od lat, stworzymy przestrze\u0144 na refleksje, jak i r\u00f3wnie\u017c zastanowimy si\u0119 nad celami na 2025 (nie, to nie to samo co postanowienia noworoczne).<\/div>\n<div>Najpierw sobie troch\u0119 poreflektujemy w formie pisemnje, a potem wykorzystamy EFT Tapping*, aby m\u00f3c pu\u015bci\u0107 bolesne wspomnienia z 2024 roku i przebaczy\u0107 sobie i innym to co posz\u0142o nie tak jak powinno. Nast\u0119pnie, razem pochylimy si\u0119 nad przeszkodami kt\u00f3re stoj\u0105 na drodze do osi\u0105gni\u0119cia naszych plan\u00f3w i marze\u0144, i znowu, przy pomocy EFT zaczniemy je uwalnia\u0107 jak i r\u00f3wnie\u017c nauczymy si\u0119 jak robi\u0107 to samemu.<\/div>\n<div><\/div>\n<div>\ud83c\udf1f <b>Dlaczego warto do\u0142\u0105czy\u0107?<\/b><\/div>\n<ul>\n<li>\n<div>Szansa na to by si\u0119 zatrzyma\u0107, spowolni\u0107, odpocz\u0105\u0107 i pozna\u0107 siebie lepiej.<\/div>\n<\/li>\n<li>\n<div>Dostaniesz wsparcie w tworzeniu realistycznych cel\u00f3w na nadchodz\u0105cy rok.<\/div>\n<\/li>\n<li>\n<div>Poczujesz emocjonaln\u0105 lekko\u015b\u0107 i rado\u015b\u0107, po tym jak naprawd\u0119 pozostawisz 2024 za sob\u0105<\/div>\n<\/li>\n<li>\n<div>Przypomnisz sobie jak mo\u017cesz u\u017cywa\u0107 EFT we w\u0142asnym zakresie.<\/div>\n<\/li>\n<li>\n<div>Zyskasz proces kt\u00f3ry mo\u017ce wspiera\u0107 Ci\u0119 przez wiele lat w przysz\u0142o\u015bci<\/div>\n<\/li>\n<\/ul>\n<div><\/div>\n<div><b>Kiedy?<\/b> 30\/12\/2024 od 19:00 do 21:30 czasu PL<\/div>\n<div><\/div>\n<div>\n<p><b>A za ile? <\/b>DO 16 GRUDNIA CENA EARLY BIRD \u00a310 ( 55 Z\u0141 )<\/p>\n<p>Od 16 Grudnia \u00a315 ( 77 z\u0142 )<\/p>\n<\/div>\n<div>Ilo\u015b\u0107 miejsc ograniczona<\/div>\n<div><\/div>\n<div>\ud83c\udf81 <b>Podaruj sobie czas na prze\u0142omowe zako\u0144czenie roku! Zapraszam Ciebie serdecznie na to wsp\u00f3lne spotkanie aby zako\u0144czy\u0107 rok w duchu transformacji i pozytywnych zmian! \ud83c\udf1f\ud83c\udf81<\/b><\/div>\n<div><\/div>\n<div>Kat Shakti<\/div>\n<div><\/div>\n<div>*EFT czyli Techniki Emocjonalnej Wolno\u015bci ( z ang. Emotional Freedom Techniques), s\u0105 metod\u0105 uwalniania emocji, a wi\u0119c szeroko poj\u0119tego stresu. Znane jest r\u00f3wnie\u017c pod nazw\u0105 tapping co oznacza opukiwanie. Stosowanie tej metody harmonizuje umys\u0142 i cia\u0142o, przywraca organizm do r\u00f3wnowagi. Obni\u017ca poziom kortyzolu przez co redukuje stres i jego objawy. Pomaga te\u017c poczu\u0107 si\u0119 lepiej ze sob\u0105, by\u0107 spokojniejszym, bardziej zadowolonym z \u017cycia, uwolni\u0107 traumy i na\u0142ogi, odkry\u0107 sw\u00f3j potencja\u0142 i doprowadzi\u0107 do zmian, kt\u00f3rych pragniemy.<\/div>","protected":false},"excerpt":{"rendered":"<p><strong>To wydarzenie jest dla Ciebie je\u017celi niekoniecznie kochasz ca\u0142\u0105 szopk\u0119 wok\u00f3l Sylwestra i nowego roku. Je\u015bli czujesz frustracj\u0119 obserwuj\u0105c ci\u0105g\u0142e podsumowania innych na mediach spo\u0142eczno\u015bciowych, bo nie uda\u0142o Ci si\u0119 osi\u0105gn\u0105\u0107 wielu rzeczy kt\u00f3re zamierzy\u0142a\u015b na ten rok, a jednocze\u015bnie pragniesz pozytywnych zmian w 2024 bez ci\u015bnienia na postanowienia noworoczne &#8211; to czytaj dalej!<\/strong><\/p>","protected":false},"featured_media":13616,"comment_status":"open","ping_status":"closed","template":"","meta":{"_monsterinsights_skip_tracking":false,"_monsterinsights_sitenote_active":false,"_monsterinsights_sitenote_note":"","_monsterinsights_sitenote_category":0,"jetpack_publicize_message":"","jetpack_publicize_feature_enabled":true,"jetpack_social_post_already_shared":true,"jetpack_social_options":{"image_generator_settings":{"template":"highway","default_image_id":0,"font":"","enabled":false},"version":2}},"product_brand":[],"product_cat":[67],"product_tag":[],"class_list":{"0":"post-13631","1":"product","2":"type-product","3":"status-publish","4":"has-post-thumbnail","6":"product_cat-eft","8":"first","9":"outofstock","10":"downloadable","11":"virtual","12":"purchasable","13":"product-type-simple"},"jetpack_publicize_connections":[],"jetpack_sharing_enabled":true,"_links":{"self":[{"href":"https:\/\/www.katshakti.com\/en\/wp-json\/wp\/v2\/product\/13631","targetHints":{"allow":["GET"]}}],"collection":[{"href":"https:\/\/www.katshakti.com\/en\/wp-json\/wp\/v2\/product"}],"about":[{"href":"https:\/\/www.katshakti.com\/en\/wp-json\/wp\/v2\/types\/product"}],"replies":[{"embeddable":true,"href":"https:\/\/www.katshakti.com\/en\/wp-json\/wp\/v2\/comments?post=13631"}],"wp:featuredmedia":[{"embeddable":true,"href":"https:\/\/www.katshakti.com\/en\/wp-json\/wp\/v2\/media\/13616"}],"wp:attachment":[{"href":"https:\/\/www.katshakti.com\/en\/wp-json\/wp\/v2\/media?parent=13631"}],"wp:term":[{"taxonomy":"product_brand","embeddable":true,"href":"https:\/\/www.katshakti.com\/en\/wp-json\/wp\/v2\/product_brand?post=13631"},{"taxonomy":"product_cat","embeddable":true,"href":"https:\/\/www.katshakti.com\/en\/wp-json\/wp\/v2\/product_cat?post=13631"},{"taxonomy":"product_tag","embeddable":true,"href":"https:\/\/www.katshakti.com\/en\/wp-json\/wp\/v2\/product_tag?post=13631"}],"curies":[{"name":"wp","href":"https:\/\/api.w.org\/{rel}","templated":true}]}}